{"id":667,"date":"2023-01-12T09:47:31","date_gmt":"2023-01-12T08:47:31","guid":{"rendered":"https:\/\/nulk.cz\/atlastextilu\/?post_type=product&#038;p=667"},"modified":"2023-01-12T09:47:31","modified_gmt":"2023-01-12T08:47:31","slug":"samet-nulk-7786","status":"publish","type":"product","link":"https:\/\/nulk.cz\/atlastextilu\/vzorek\/samet-nulk-7786\/","title":{"rendered":"samet N\u00daLK 7786"},"content":{"rendered":"","protected":false},"excerpt":{"rendered":"<p>\u017div\u016ftek je u\u0161ti\u00fd z 1 kusu fialov\u00e9ho sametu a je zdoben\u00fd tresami. V horn\u00ed \u010d\u00e1sti je naskl\u00e1dan\u00e1 r\u016f\u017eov\u00e1 stuha, na ramenou se \u017eiv\u016ftek zavazuje na r\u016f\u017eov\u00e9 stuhy pod\u0161it\u00e9 b\u00edl\u00fdm pl\u00e1tnem.<\/p>\n","protected":false},"featured_media":669,"template":"","meta":[],"product_brand":[],"product_cat":[444],"product_tag":[],"class_list":{"0":"post-667","1":"product","2":"type-product","3":"status-publish","4":"has-post-thumbnail","6":"product_cat-samet","7":"pa_barevnost-osnovnich-niti-fialova","8":"pa_barevnost-textilie-fialova","9":"pa_barevnost-utkovych-niti-fialova","10":"pa_datace-ramcova-1-pol-20-stol","11":"pa_dostava-na-1-cm2-0-0","12":"pa_evidencni-c-448","13":"pa_instituce-nulk-narodni-ustav-lidove-kultury-ve-straznici","14":"pa_konstrukce-osnovnich-niti-jednoducha-nit","15":"pa_konstrukce-utkovych-niti-jednoducha-nit","16":"pa_lokalita-dle-uziti-horacke-slovacko","17":"pa_lokalita-kraj-jihomoravsky","18":"pa_lokalita-obec-hodonin","19":"pa_lokalita-obec-veterov","20":"pa_nazev-textilie-samet","21":"pa_popsano-na-casti-odevu-jiny-viz-popis","22":"pa_tkanina-zjistena-na-kordulka","23":"pa_typ-textilie-tkanina","24":"pa_typ-vazby-vice-soutav-tkanina-vlasova-samet","25":"pa_vlakna-osnovnich-niti-nezjisteno","26":"pa_vlakna-utkovych-niti-nezjisteno","27":"pa_vyrobce-textilie-neznamy","29":"entry","30":"has-media","32":"first","33":"instock","34":"shipping-taxable","35":"product-type-simple","36":"has-product-nav","37":"col","38":"span_1_of_5","39":"owp-content-center","40":"owp-thumbs-layout-vertical","41":"owp-btn-normal","42":"owp-tabs-layout-horizontal"},"_links":{"self":[{"href":"https:\/\/nulk.cz\/atlastextilu\/wp-json\/wp\/v2\/product\/667","targetHints":{"allow":["GET"]}}],"collection":[{"href":"https:\/\/nulk.cz\/atlastextilu\/wp-json\/wp\/v2\/product"}],"about":[{"href":"https:\/\/nulk.cz\/atlastextilu\/wp-json\/wp\/v2\/types\/product"}],"wp:featuredmedia":[{"embeddable":true,"href":"https:\/\/nulk.cz\/atlastextilu\/wp-json\/wp\/v2\/media\/669"}],"wp:attachment":[{"href":"https:\/\/nulk.cz\/atlastextilu\/wp-json\/wp\/v2\/media?parent=667"}],"wp:term":[{"taxonomy":"product_brand","embeddable":true,"href":"https:\/\/nulk.cz\/atlastextilu\/wp-json\/wp\/v2\/product_brand?post=667"},{"taxonomy":"product_cat","embeddable":true,"href":"https:\/\/nulk.cz\/atlastextilu\/wp-json\/wp\/v2\/product_cat?post=667"},{"taxonomy":"product_tag","embeddable":true,"href":"https:\/\/nulk.cz\/atlastextilu\/wp-json\/wp\/v2\/product_tag?post=667"}],"curies":[{"name":"wp","href":"https:\/\/api.w.org\/{rel}","templated":true}]}}