{"id":715,"date":"2023-01-12T13:36:05","date_gmt":"2023-01-12T12:36:05","guid":{"rendered":"https:\/\/nulk.cz\/atlastextilu\/?post_type=product&#038;p=715"},"modified":"2023-01-12T13:36:06","modified_gmt":"2023-01-12T12:36:06","slug":"serka-mvt-1_06_1085","status":"publish","type":"product","link":"https:\/\/nulk.cz\/atlastextilu\/vzorek\/serka-mvt-1_06_1085\/","title":{"rendered":"\u0161erka MVT 1_06_1085"},"content":{"rendered":"","protected":false},"excerpt":{"rendered":"<p>Sukn\u011b zvan\u00e1 \u0161oryna. Pruh l\u00e1tky je na\u0159asen do pasovky. Spodn\u00ed lem pod\u0161it \u010dernou krepinkou. 10 cm nad posn\u00edm leme na\u0161ita po obvodu zelen\u00e1 stuha. Zavazov\u00e1no na b\u00edl\u00fd tkaloun. D\u00e9lka sukn\u011b 85 cm.<\/p>\n","protected":false},"featured_media":716,"template":"","meta":[],"product_brand":[],"product_cat":[464],"product_tag":[],"class_list":{"0":"post-715","1":"product","2":"type-product","3":"status-publish","4":"has-post-thumbnail","6":"product_cat-serka","7":"pa_barevnost-osnovnich-niti-cervena","8":"pa_barevnost-osnovnich-niti-modra","9":"pa_barevnost-osnovnich-niti-zluta","10":"pa_barevnost-textilie-cervena","11":"pa_barevnost-utkovych-niti-bila","12":"pa_barevnost-utkovych-niti-cervena","13":"pa_barevnost-utkovych-niti-modra","14":"pa_datace-ramcova-4-ctvrtina-19-stol","15":"pa_dostava-na-1-cm2-15-16","16":"pa_evidencni-c-1_06_1085","17":"pa_instituce-mvt-muzeum-vysociny-trebic-p-o","18":"pa_konstrukce-osnovnich-niti-jednoducha-nit","19":"pa_lokalita-dle-uziti-ceskomoravska-vysocina","20":"pa_lokalita-kraj-vysocina","21":"pa_lokalita-obec-horni-hermanice","22":"pa_lokalita-obec-trebic","23":"pa_nazev-textilie-serka","24":"pa_popsano-na-casti-odevu-sukne","25":"pa_tkanina-zjistena-na-sukne","26":"pa_typ-textilie-tkanina","27":"pa_typ-vazby-platnova","28":"pa_vlakna-osnovnich-niti-vlna-ovci","29":"pa_vlakna-utkovych-niti-bavlna","30":"pa_vlakna-utkovych-niti-vlna-ovci","31":"pa_vyrobce-textilie-neznamy","33":"entry","34":"has-media","36":"first","37":"instock","38":"shipping-taxable","39":"product-type-simple","40":"has-product-nav","41":"col","42":"span_1_of_5","43":"owp-content-center","44":"owp-thumbs-layout-vertical","45":"owp-btn-normal","46":"owp-tabs-layout-horizontal"},"_links":{"self":[{"href":"https:\/\/nulk.cz\/atlastextilu\/wp-json\/wp\/v2\/product\/715","targetHints":{"allow":["GET"]}}],"collection":[{"href":"https:\/\/nulk.cz\/atlastextilu\/wp-json\/wp\/v2\/product"}],"about":[{"href":"https:\/\/nulk.cz\/atlastextilu\/wp-json\/wp\/v2\/types\/product"}],"wp:featuredmedia":[{"embeddable":true,"href":"https:\/\/nulk.cz\/atlastextilu\/wp-json\/wp\/v2\/media\/716"}],"wp:attachment":[{"href":"https:\/\/nulk.cz\/atlastextilu\/wp-json\/wp\/v2\/media?parent=715"}],"wp:term":[{"taxonomy":"product_brand","embeddable":true,"href":"https:\/\/nulk.cz\/atlastextilu\/wp-json\/wp\/v2\/product_brand?post=715"},{"taxonomy":"product_cat","embeddable":true,"href":"https:\/\/nulk.cz\/atlastextilu\/wp-json\/wp\/v2\/product_cat?post=715"},{"taxonomy":"product_tag","embeddable":true,"href":"https:\/\/nulk.cz\/atlastextilu\/wp-json\/wp\/v2\/product_tag?post=715"}],"curies":[{"name":"wp","href":"https:\/\/api.w.org\/{rel}","templated":true}]}}