{"id":720,"date":"2023-01-12T13:43:14","date_gmt":"2023-01-12T12:43:14","guid":{"rendered":"https:\/\/nulk.cz\/atlastextilu\/?post_type=product&#038;p=720"},"modified":"2023-01-12T13:43:15","modified_gmt":"2023-01-12T12:43:15","slug":"serka-mvt-1_06_1106","status":"publish","type":"product","link":"https:\/\/nulk.cz\/atlastextilu\/vzorek\/serka-mvt-1_06_1106\/","title":{"rendered":"\u0161erka MVT 1_06_1106"},"content":{"rendered":"","protected":false},"excerpt":{"rendered":"<p>Sukn\u011b zvan\u00e1 \u0161oryna. Pruh l\u00e1tky je na\u0159asen do pasovky. Spodn\u00ed okraj sukn\u011b pod\u0161it r\u016f\u017eovou l\u00e1tkou. Zavazov\u00e1no na dva tkalouny. D\u00e9lka sukn\u011b 80 cm.<\/p>\n","protected":false},"featured_media":722,"template":"","meta":[],"product_brand":[],"product_cat":[464],"product_tag":[],"class_list":{"0":"post-720","1":"product","2":"type-product","3":"status-publish","4":"has-post-thumbnail","6":"product_cat-serka","7":"pa_barevnost-osnovnich-niti-bila","8":"pa_barevnost-osnovnich-niti-cervena","9":"pa_barevnost-osnovnich-niti-modra","10":"pa_barevnost-textilie-cervena","11":"pa_barevnost-utkovych-niti-bila","12":"pa_barevnost-utkovych-niti-cervena","13":"pa_barevnost-utkovych-niti-modra","14":"pa_datace-ramcova-1-pol-20-stol","15":"pa_dostava-na-1-cm2-17-17","16":"pa_evidencni-c-1_06_1106","17":"pa_instituce-mvt-muzeum-vysociny-trebic-p-o","18":"pa_konstrukce-osnovnich-niti-jednoducha-nit","19":"pa_konstrukce-utkovych-niti-jednoducha-nit","20":"pa_lokalita-dle-uziti-ceskomoravska-vysocina","21":"pa_lokalita-kraj-vysocina","22":"pa_lokalita-obec-zdar-nad-sazavou","23":"pa_lokalita-obec-znetinek","24":"pa_nazev-textilie-serka","25":"pa_popsano-na-casti-odevu-sukne","26":"pa_tkanina-zjistena-na-sukne","27":"pa_typ-textilie-tkanina","28":"pa_typ-vazby-platnova","29":"pa_vlakna-osnovnich-niti-vlna-ovci","30":"pa_vlakna-utkovych-niti-bavlna","31":"pa_vlakna-utkovych-niti-vlna-ovci","32":"pa_vyrobce-textilie-neznamy","34":"entry","35":"has-media","37":"first","38":"instock","39":"shipping-taxable","40":"product-type-simple","41":"has-product-nav","42":"col","43":"span_1_of_5","44":"owp-content-center","45":"owp-thumbs-layout-vertical","46":"owp-btn-normal","47":"owp-tabs-layout-horizontal"},"_links":{"self":[{"href":"https:\/\/nulk.cz\/atlastextilu\/wp-json\/wp\/v2\/product\/720","targetHints":{"allow":["GET"]}}],"collection":[{"href":"https:\/\/nulk.cz\/atlastextilu\/wp-json\/wp\/v2\/product"}],"about":[{"href":"https:\/\/nulk.cz\/atlastextilu\/wp-json\/wp\/v2\/types\/product"}],"wp:featuredmedia":[{"embeddable":true,"href":"https:\/\/nulk.cz\/atlastextilu\/wp-json\/wp\/v2\/media\/722"}],"wp:attachment":[{"href":"https:\/\/nulk.cz\/atlastextilu\/wp-json\/wp\/v2\/media?parent=720"}],"wp:term":[{"taxonomy":"product_brand","embeddable":true,"href":"https:\/\/nulk.cz\/atlastextilu\/wp-json\/wp\/v2\/product_brand?post=720"},{"taxonomy":"product_cat","embeddable":true,"href":"https:\/\/nulk.cz\/atlastextilu\/wp-json\/wp\/v2\/product_cat?post=720"},{"taxonomy":"product_tag","embeddable":true,"href":"https:\/\/nulk.cz\/atlastextilu\/wp-json\/wp\/v2\/product_tag?post=720"}],"curies":[{"name":"wp","href":"https:\/\/api.w.org\/{rel}","templated":true}]}}