{"id":725,"date":"2023-01-12T13:47:59","date_gmt":"2023-01-12T12:47:59","guid":{"rendered":"https:\/\/nulk.cz\/atlastextilu\/?post_type=product&#038;p=725"},"modified":"2023-01-12T13:48:00","modified_gmt":"2023-01-12T12:48:00","slug":"serka-mvt-1_06_97","status":"publish","type":"product","link":"https:\/\/nulk.cz\/atlastextilu\/vzorek\/serka-mvt-1_06_97\/","title":{"rendered":"\u0161erka MVT 1_06_97"},"content":{"rendered":"","protected":false},"excerpt":{"rendered":"<p>Sukn\u011b zvan\u00e1 \u0161arka. Pruh l\u00e1tky je na\u0159asen do pasovky. Nad spodn\u00edm lemem na\u0161ita 5 cm \u0161irok\u00e1 sametka. D\u00e9lka sukn\u011b 113 cm.<\/p>\n","protected":false},"featured_media":726,"template":"","meta":[],"product_brand":[],"product_cat":[464],"product_tag":[],"class_list":{"0":"post-725","1":"product","2":"type-product","3":"status-publish","4":"has-post-thumbnail","6":"product_cat-serka","7":"pa_barevnost-osnovnich-niti-cervena","8":"pa_barevnost-textilie-cervena","9":"pa_barevnost-utkovych-niti-cerna","10":"pa_barevnost-utkovych-niti-cervena","11":"pa_datace-ramcova-2-pol-19-stol","12":"pa_dostava-na-1-cm2-16-22","13":"pa_evidencni-c-1_06_97","14":"pa_instituce-mvt-muzeum-vysociny-trebic-p-o","15":"pa_konstrukce-osnovnich-niti-jednoducha-nit","16":"pa_konstrukce-utkovych-niti-jednoducha-nit","17":"pa_lokalita-dle-uziti-ceskomoravska-vysocina","18":"pa_lokalita-kraj-vysocina","19":"pa_lokalita-obec-trebic","20":"pa_nazev-textilie-serka","21":"pa_popsano-na-casti-odevu-sukne","22":"pa_tkanina-zjistena-na-sukne","23":"pa_typ-textilie-tkanina","24":"pa_typ-vazby-platnova","25":"pa_vlakna-osnovnich-niti-bavlna","26":"pa_vlakna-utkovych-niti-vlna-ovci","27":"pa_vyrobce-textilie-neznamy","29":"entry","30":"has-media","32":"first","33":"instock","34":"shipping-taxable","35":"product-type-simple","36":"has-product-nav","37":"col","38":"span_1_of_5","39":"owp-content-center","40":"owp-thumbs-layout-vertical","41":"owp-btn-normal","42":"owp-tabs-layout-horizontal"},"_links":{"self":[{"href":"https:\/\/nulk.cz\/atlastextilu\/wp-json\/wp\/v2\/product\/725","targetHints":{"allow":["GET"]}}],"collection":[{"href":"https:\/\/nulk.cz\/atlastextilu\/wp-json\/wp\/v2\/product"}],"about":[{"href":"https:\/\/nulk.cz\/atlastextilu\/wp-json\/wp\/v2\/types\/product"}],"wp:featuredmedia":[{"embeddable":true,"href":"https:\/\/nulk.cz\/atlastextilu\/wp-json\/wp\/v2\/media\/726"}],"wp:attachment":[{"href":"https:\/\/nulk.cz\/atlastextilu\/wp-json\/wp\/v2\/media?parent=725"}],"wp:term":[{"taxonomy":"product_brand","embeddable":true,"href":"https:\/\/nulk.cz\/atlastextilu\/wp-json\/wp\/v2\/product_brand?post=725"},{"taxonomy":"product_cat","embeddable":true,"href":"https:\/\/nulk.cz\/atlastextilu\/wp-json\/wp\/v2\/product_cat?post=725"},{"taxonomy":"product_tag","embeddable":true,"href":"https:\/\/nulk.cz\/atlastextilu\/wp-json\/wp\/v2\/product_tag?post=725"}],"curies":[{"name":"wp","href":"https:\/\/api.w.org\/{rel}","templated":true}]}}