{"id":729,"date":"2023-01-12T13:52:59","date_gmt":"2023-01-12T12:52:59","guid":{"rendered":"https:\/\/nulk.cz\/atlastextilu\/?post_type=product&#038;p=729"},"modified":"2023-01-12T13:53:00","modified_gmt":"2023-01-12T12:53:00","slug":"serka-uee-5_28","status":"publish","type":"product","link":"https:\/\/nulk.cz\/atlastextilu\/vzorek\/serka-uee-5_28\/","title":{"rendered":"\u0161erka \u00daEE 5_28"},"content":{"rendered":"","protected":false},"excerpt":{"rendered":"<p>Karta s uk\u00e1zkou textilie &#8211; \u0161erka s \u010dervenou barevnost\u00ed. Sb\u011br PhDr. Vlasta Svobodov\u00e1.<\/p>\n","protected":false},"featured_media":730,"template":"","meta":[],"product_brand":[],"product_cat":[464],"product_tag":[],"class_list":{"0":"post-729","1":"product","2":"type-product","3":"status-publish","4":"has-post-thumbnail","6":"product_cat-serka","7":"pa_barevnost-osnovnich-niti-oranzova","8":"pa_barevnost-textilie-cervena","9":"pa_barevnost-utkovych-niti-cervena","10":"pa_datace-ramcova-1-pol-20-stol","11":"pa_dostava-na-1-cm2-12-14","12":"pa_evidencni-c-5_28","13":"pa_instituce-uee-ustav-evropske-etnologie-ff-mu","14":"pa_konstrukce-osnovnich-niti-jednoducha-nit","15":"pa_konstrukce-utkovych-niti-jednoducha-nit","16":"pa_lokalita-dle-uziti-jizni-cechy","17":"pa_lokalita-kraj-jihocesky","18":"pa_lokalita-obec-hermanec","19":"pa_lokalita-obec-jindrichuv-hradec","20":"pa_nazev-textilie-serka","21":"pa_popsano-na-casti-odevu-jiny-viz-popis","22":"pa_tkanina-zjistena-na-karta-se-vzorkem-tkaniny","23":"pa_typ-textilie-tkanina","24":"pa_typ-vazby-platnova","25":"pa_vlakna-osnovnich-niti-bavlna","26":"pa_vlakna-utkovych-niti-vlna-ovci","27":"pa_vyrobce-textilie-neznamy","29":"entry","30":"has-media","32":"first","33":"instock","34":"shipping-taxable","35":"product-type-simple","36":"has-product-nav","37":"col","38":"span_1_of_5","39":"owp-content-center","40":"owp-thumbs-layout-vertical","41":"owp-btn-normal","42":"owp-tabs-layout-horizontal","43":"has-no-thumbnails"},"_links":{"self":[{"href":"https:\/\/nulk.cz\/atlastextilu\/wp-json\/wp\/v2\/product\/729","targetHints":{"allow":["GET"]}}],"collection":[{"href":"https:\/\/nulk.cz\/atlastextilu\/wp-json\/wp\/v2\/product"}],"about":[{"href":"https:\/\/nulk.cz\/atlastextilu\/wp-json\/wp\/v2\/types\/product"}],"wp:featuredmedia":[{"embeddable":true,"href":"https:\/\/nulk.cz\/atlastextilu\/wp-json\/wp\/v2\/media\/730"}],"wp:attachment":[{"href":"https:\/\/nulk.cz\/atlastextilu\/wp-json\/wp\/v2\/media?parent=729"}],"wp:term":[{"taxonomy":"product_brand","embeddable":true,"href":"https:\/\/nulk.cz\/atlastextilu\/wp-json\/wp\/v2\/product_brand?post=729"},{"taxonomy":"product_cat","embeddable":true,"href":"https:\/\/nulk.cz\/atlastextilu\/wp-json\/wp\/v2\/product_cat?post=729"},{"taxonomy":"product_tag","embeddable":true,"href":"https:\/\/nulk.cz\/atlastextilu\/wp-json\/wp\/v2\/product_tag?post=729"}],"curies":[{"name":"wp","href":"https:\/\/api.w.org\/{rel}","templated":true}]}}