{"id":753,"date":"2023-01-13T14:10:55","date_gmt":"2023-01-13T13:10:55","guid":{"rendered":"https:\/\/nulk.cz\/atlastextilu\/?post_type=product&#038;p=753"},"modified":"2023-01-13T14:10:55","modified_gmt":"2023-01-13T13:10:55","slug":"serka-mzm-11-157","status":"publish","type":"product","link":"https:\/\/nulk.cz\/atlastextilu\/vzorek\/serka-mzm-11-157\/","title":{"rendered":"\u0161erka MZM 11 157"},"content":{"rendered":"","protected":false},"excerpt":{"rendered":"<p>Karta se vzorkem tkaniny &#8211; \u0161erka se \u017elutozelenou p\u016fdou v pl\u00e1tnov\u00e9 vazb\u011b a \u0159\u00eddk\u00fdmi \u010derven\u00fd pruhy v rypsov\u00e9 vazb\u011b<\/p>\n","protected":false},"featured_media":754,"template":"","meta":[],"product_brand":[],"product_cat":[464],"product_tag":[],"class_list":{"0":"post-753","1":"product","2":"type-product","3":"status-publish","4":"has-post-thumbnail","6":"product_cat-serka","7":"pa_barevnost-osnovnich-niti-vicebarevna","8":"pa_barevnost-textilie-vicebarevna","9":"pa_barevnost-utkovych-niti-zelena","10":"pa_barevnost-utkovych-niti-zluta","11":"pa_datace-ramcova-2-pol-19-stol","12":"pa_dostava-na-1-cm2-14-12","13":"pa_evidencni-c-505","14":"pa_instituce-mzm-moravske-zemske-muzeum-etnograficky-ustav","15":"pa_konstrukce-osnovnich-niti-jednoducha-nit","16":"pa_konstrukce-utkovych-niti-jednoducha-nit","17":"pa_lokalita-dle-uziti-mala-hana","18":"pa_lokalita-kraj-jihomoravsky","19":"pa_lokalita-obec-blansko","20":"pa_lokalita-obec-letovice","21":"pa_nazev-textilie-serka","22":"pa_popsano-na-casti-odevu-jiny-viz-popis","23":"pa_tkanina-zjistena-na-karta-se-vzorkem-tkaniny","24":"pa_typ-textilie-tkanina","25":"pa_typ-vazby-platnova-odvozena-vazba-ryps","26":"pa_vlakna-osnovnich-niti-len","27":"pa_vlakna-utkovych-niti-len","28":"pa_vyrobce-textilie-neznamy","30":"entry","31":"has-media","33":"first","34":"instock","35":"shipping-taxable","36":"product-type-simple","37":"has-product-nav","38":"col","39":"span_1_of_5","40":"owp-content-center","41":"owp-thumbs-layout-vertical","42":"owp-btn-normal","43":"owp-tabs-layout-horizontal"},"_links":{"self":[{"href":"https:\/\/nulk.cz\/atlastextilu\/wp-json\/wp\/v2\/product\/753","targetHints":{"allow":["GET"]}}],"collection":[{"href":"https:\/\/nulk.cz\/atlastextilu\/wp-json\/wp\/v2\/product"}],"about":[{"href":"https:\/\/nulk.cz\/atlastextilu\/wp-json\/wp\/v2\/types\/product"}],"wp:featuredmedia":[{"embeddable":true,"href":"https:\/\/nulk.cz\/atlastextilu\/wp-json\/wp\/v2\/media\/754"}],"wp:attachment":[{"href":"https:\/\/nulk.cz\/atlastextilu\/wp-json\/wp\/v2\/media?parent=753"}],"wp:term":[{"taxonomy":"product_brand","embeddable":true,"href":"https:\/\/nulk.cz\/atlastextilu\/wp-json\/wp\/v2\/product_brand?post=753"},{"taxonomy":"product_cat","embeddable":true,"href":"https:\/\/nulk.cz\/atlastextilu\/wp-json\/wp\/v2\/product_cat?post=753"},{"taxonomy":"product_tag","embeddable":true,"href":"https:\/\/nulk.cz\/atlastextilu\/wp-json\/wp\/v2\/product_tag?post=753"}],"curies":[{"name":"wp","href":"https:\/\/api.w.org\/{rel}","templated":true}]}}