{"id":758,"date":"2023-09-05T08:35:16","date_gmt":"2023-09-05T06:35:16","guid":{"rendered":"https:\/\/nulk.cz\/atlastextilu\/?post_type=product&#038;p=758"},"modified":"2023-09-05T08:35:17","modified_gmt":"2023-09-05T06:35:17","slug":"serka-mzm-11-324","status":"publish","type":"product","link":"https:\/\/nulk.cz\/atlastextilu\/vzorek\/serka-mzm-11-324\/","title":{"rendered":"\u0161erka MZM 11 324"},"content":{"rendered":"","protected":false},"excerpt":{"rendered":"<p>Karta se vzorkem tkaniny &#8211; vzorek \u0161arky se slo\u017eit\u011b vytk\u00e1van\u00fdm vzorem<\/p>\n","protected":false},"featured_media":759,"template":"","meta":[],"product_brand":[],"product_cat":[464],"product_tag":[],"class_list":{"0":"post-758","1":"product","2":"type-product","3":"status-publish","4":"has-post-thumbnail","6":"product_cat-serka","7":"pa_barevnost-osnovnich-niti-vicebarevna","8":"pa_barevnost-textilie-vicebarevna","9":"pa_barevnost-utkovych-niti-vicebarevna","10":"pa_datace-ramcova-2-pol-19-stol","11":"pa_dostava-na-1-cm2-18-15","12":"pa_evidencni-c-507","13":"pa_instituce-mzm-moravske-zemske-muzeum-etnograficky-ustav","14":"pa_konstrukce-osnovnich-niti-jednoducha-nit","15":"pa_konstrukce-utkovych-niti-jednoducha-nit","16":"pa_lokalita-dle-uziti-horacko-a-podhoracko","17":"pa_lokalita-kraj-vysocina","18":"pa_lokalita-obec-lisek","19":"pa_lokalita-obec-zdar-nad-sazavou","20":"pa_nazev-textilie-serka","21":"pa_popsano-na-casti-odevu-jiny-viz-popis","22":"pa_tkanina-zjistena-na-karta-se-vzorkem-tkaniny","23":"pa_typ-textilie-tkanina","24":"pa_typ-vazby-platnova","25":"pa_vlakna-osnovnich-niti-nezjisteno","26":"pa_vlakna-utkovych-niti-nezjisteno","27":"pa_vyrobce-textilie-neznamy","29":"entry","30":"has-media","32":"first","33":"instock","34":"shipping-taxable","35":"product-type-simple","36":"has-product-nav","37":"col","38":"span_1_of_5","39":"owp-content-center","40":"owp-thumbs-layout-vertical","41":"owp-btn-normal","42":"owp-tabs-layout-horizontal"},"_links":{"self":[{"href":"https:\/\/nulk.cz\/atlastextilu\/wp-json\/wp\/v2\/product\/758","targetHints":{"allow":["GET"]}}],"collection":[{"href":"https:\/\/nulk.cz\/atlastextilu\/wp-json\/wp\/v2\/product"}],"about":[{"href":"https:\/\/nulk.cz\/atlastextilu\/wp-json\/wp\/v2\/types\/product"}],"wp:featuredmedia":[{"embeddable":true,"href":"https:\/\/nulk.cz\/atlastextilu\/wp-json\/wp\/v2\/media\/759"}],"wp:attachment":[{"href":"https:\/\/nulk.cz\/atlastextilu\/wp-json\/wp\/v2\/media?parent=758"}],"wp:term":[{"taxonomy":"product_brand","embeddable":true,"href":"https:\/\/nulk.cz\/atlastextilu\/wp-json\/wp\/v2\/product_brand?post=758"},{"taxonomy":"product_cat","embeddable":true,"href":"https:\/\/nulk.cz\/atlastextilu\/wp-json\/wp\/v2\/product_cat?post=758"},{"taxonomy":"product_tag","embeddable":true,"href":"https:\/\/nulk.cz\/atlastextilu\/wp-json\/wp\/v2\/product_tag?post=758"}],"curies":[{"name":"wp","href":"https:\/\/api.w.org\/{rel}","templated":true}]}}