{"id":765,"date":"2023-09-05T08:53:23","date_gmt":"2023-09-05T06:53:23","guid":{"rendered":"https:\/\/nulk.cz\/atlastextilu\/?post_type=product&#038;p=765"},"modified":"2023-09-05T08:53:23","modified_gmt":"2023-09-05T06:53:23","slug":"serka-uee-5_30","status":"publish","type":"product","link":"https:\/\/nulk.cz\/atlastextilu\/vzorek\/serka-uee-5_30\/","title":{"rendered":"\u0161erka \u00daEE 5_30"},"content":{"rendered":"<p>Karta s uk\u00e1zkou textilie &#8211; \u0161erka s \u010derven\u00fdmi a modr\u00fdmi prou\u017eky. Sb\u011br PhDr. Vlasta Svobodov\u00e1.<\/p>\n","protected":false},"excerpt":{"rendered":"<p>Karta s uk\u00e1zkou textilie &#8211; \u0161erka s \u010derven\u00fdmi a modr\u00fdmi prou\u017eky. Sb\u011br PhDr. Vlasta Svobodov\u00e1.<\/p>\n","protected":false},"featured_media":766,"template":"","meta":[],"product_brand":[],"product_cat":[464],"product_tag":[],"class_list":{"0":"post-765","1":"product","2":"type-product","3":"status-publish","4":"has-post-thumbnail","6":"product_cat-serka","7":"pa_barevnost-osnovnich-niti-cerna","8":"pa_barevnost-textilie-vicebarevna","9":"pa_barevnost-utkovych-niti-cerna","10":"pa_barevnost-utkovych-niti-modra","11":"pa_datace-ramcova-1-pol-20-stol","12":"pa_dostava-na-1-cm2-18-20","13":"pa_evidencni-c-5_30","14":"pa_instituce-uee-ustav-evropske-etnologie-ff-mu","15":"pa_konstrukce-osnovnich-niti-jednoducha-nit","16":"pa_konstrukce-utkovych-niti-jednoducha-nit","17":"pa_lokalita-dle-uziti-hermanec","18":"pa_lokalita-dle-uziti-jindrichuv-hradec","19":"pa_lokalita-kraj-jihocesky","20":"pa_nazev-textilie-serka","21":"pa_popsano-na-casti-odevu-jiny-viz-popis","22":"pa_typ-textilie-tkanina","23":"pa_typ-vazby-kepr-pravy-osnovni","24":"pa_vlakna-osnovnich-niti-bavlna","25":"pa_vlakna-utkovych-niti-vlna-ovci","26":"pa_vyrobce-textilie-neznamy","28":"entry","29":"has-media","31":"first","32":"instock","33":"shipping-taxable","34":"product-type-simple","35":"has-product-nav","36":"col","37":"span_1_of_5","38":"owp-content-center","39":"owp-thumbs-layout-vertical","40":"owp-btn-normal","41":"owp-tabs-layout-horizontal"},"_links":{"self":[{"href":"https:\/\/nulk.cz\/atlastextilu\/wp-json\/wp\/v2\/product\/765","targetHints":{"allow":["GET"]}}],"collection":[{"href":"https:\/\/nulk.cz\/atlastextilu\/wp-json\/wp\/v2\/product"}],"about":[{"href":"https:\/\/nulk.cz\/atlastextilu\/wp-json\/wp\/v2\/types\/product"}],"wp:featuredmedia":[{"embeddable":true,"href":"https:\/\/nulk.cz\/atlastextilu\/wp-json\/wp\/v2\/media\/766"}],"wp:attachment":[{"href":"https:\/\/nulk.cz\/atlastextilu\/wp-json\/wp\/v2\/media?parent=765"}],"wp:term":[{"taxonomy":"product_brand","embeddable":true,"href":"https:\/\/nulk.cz\/atlastextilu\/wp-json\/wp\/v2\/product_brand?post=765"},{"taxonomy":"product_cat","embeddable":true,"href":"https:\/\/nulk.cz\/atlastextilu\/wp-json\/wp\/v2\/product_cat?post=765"},{"taxonomy":"product_tag","embeddable":true,"href":"https:\/\/nulk.cz\/atlastextilu\/wp-json\/wp\/v2\/product_tag?post=765"}],"curies":[{"name":"wp","href":"https:\/\/api.w.org\/{rel}","templated":true}]}}