{"id":768,"date":"2023-09-05T09:03:19","date_gmt":"2023-09-05T07:03:19","guid":{"rendered":"https:\/\/nulk.cz\/atlastextilu\/?post_type=product&#038;p=768"},"modified":"2023-09-05T09:03:19","modified_gmt":"2023-09-05T07:03:19","slug":"serka-uee-5_54","status":"publish","type":"product","link":"https:\/\/nulk.cz\/atlastextilu\/vzorek\/serka-uee-5_54\/","title":{"rendered":"\u0161erka \u00daEE 5_54"},"content":{"rendered":"<p>Karta se vzorkem tkaniny &#8211; vln\u011bn\u00e1 tkanina v pl\u00e1tnov\u00e9 vazb\u011b s rypsov\u00fdmi prou\u017eky v rozd\u00edln\u00e9 barevsnoti. Sb\u011br v ter\u00e9nu PhDr. Vlasta Svobodov\u00e1.<\/p>\n","protected":false},"excerpt":{"rendered":"<p>Karta se vzorkem tkaniny &#8211; vln\u011bn\u00e1 tkanina v pl\u00e1tnov\u00e9 vazb\u011b s rypsov\u00fdmi prou\u017eky v rozd\u00edln\u00e9 barevsnoti. Sb\u011br v ter\u00e9nu PhDr. Vlasta Svobodov\u00e1.<\/p>\n","protected":false},"featured_media":769,"template":"","meta":[],"product_brand":[],"product_cat":[464],"product_tag":[],"class_list":{"0":"post-768","1":"product","2":"type-product","3":"status-publish","4":"has-post-thumbnail","6":"product_cat-serka","7":"pa_barevnost-osnovnich-niti-cerna","8":"pa_barevnost-textilie-vicebarevna","9":"pa_barevnost-utkovych-niti-cerna","10":"pa_barevnost-utkovych-niti-cervena","11":"pa_barevnost-utkovych-niti-modra","12":"pa_barevnost-utkovych-niti-oranzova","13":"pa_datace-ramcova-1-pol-20-stol","14":"pa_dostava-na-1-cm2-nezjisteno","15":"pa_evidencni-c-5_54","16":"pa_instituce-uee-ustav-evropske-etnologie-ff-mu","17":"pa_konstrukce-osnovnich-niti-jednoducha-nit","18":"pa_konstrukce-utkovych-niti-jednoducha-nit","19":"pa_lokalita-dle-uziti-ceskomoravska-vysocina","20":"pa_lokalita-kraj-vysocina","21":"pa_lokalita-obec-jihlava","22":"pa_lokalita-obec-krasonice","23":"pa_nazev-textilie-serka","24":"pa_popsano-na-casti-odevu-jiny-viz-popis","25":"pa_tkanina-zjistena-na-karta-se-vzorkem-tkaniny","26":"pa_typ-textilie-tkanina","27":"pa_typ-vazby-platnova-odvozena-vazba-ryps-nepravidelny","28":"pa_vlakna-osnovnich-niti-bavlna","29":"pa_vlakna-utkovych-niti-bavlna","30":"pa_vlakna-utkovych-niti-vlna-ovci","31":"pa_vyrobce-textilie-neznamy","33":"entry","34":"has-media","36":"first","37":"instock","38":"shipping-taxable","39":"product-type-simple","40":"has-product-nav","41":"col","42":"span_1_of_5","43":"owp-content-center","44":"owp-thumbs-layout-vertical","45":"owp-btn-normal","46":"owp-tabs-layout-horizontal","47":"has-no-thumbnails"},"_links":{"self":[{"href":"https:\/\/nulk.cz\/atlastextilu\/wp-json\/wp\/v2\/product\/768","targetHints":{"allow":["GET"]}}],"collection":[{"href":"https:\/\/nulk.cz\/atlastextilu\/wp-json\/wp\/v2\/product"}],"about":[{"href":"https:\/\/nulk.cz\/atlastextilu\/wp-json\/wp\/v2\/types\/product"}],"wp:featuredmedia":[{"embeddable":true,"href":"https:\/\/nulk.cz\/atlastextilu\/wp-json\/wp\/v2\/media\/769"}],"wp:attachment":[{"href":"https:\/\/nulk.cz\/atlastextilu\/wp-json\/wp\/v2\/media?parent=768"}],"wp:term":[{"taxonomy":"product_brand","embeddable":true,"href":"https:\/\/nulk.cz\/atlastextilu\/wp-json\/wp\/v2\/product_brand?post=768"},{"taxonomy":"product_cat","embeddable":true,"href":"https:\/\/nulk.cz\/atlastextilu\/wp-json\/wp\/v2\/product_cat?post=768"},{"taxonomy":"product_tag","embeddable":true,"href":"https:\/\/nulk.cz\/atlastextilu\/wp-json\/wp\/v2\/product_tag?post=768"}],"curies":[{"name":"wp","href":"https:\/\/api.w.org\/{rel}","templated":true}]}}