{"id":770,"date":"2023-09-05T09:07:43","date_gmt":"2023-09-05T07:07:43","guid":{"rendered":"https:\/\/nulk.cz\/atlastextilu\/?post_type=product&#038;p=770"},"modified":"2023-09-05T09:07:43","modified_gmt":"2023-09-05T07:07:43","slug":"serka-mvt-1_06_171","status":"publish","type":"product","link":"https:\/\/nulk.cz\/atlastextilu\/vzorek\/serka-mvt-1_06_171\/","title":{"rendered":"\u0161erka MVT 1_06_171"},"content":{"rendered":"<p>Torzo \u0161erky ze sukn\u011b. Spodn\u00ed okaj pod\u0161it pruhem \u010derven\u00e9 l\u00e1tky, kraj zdob\u00ed \u010dern\u00e1 krpeinka.<\/p>\n","protected":false},"excerpt":{"rendered":"<p>Torzo \u0161erky ze sukn\u011b. Spodn\u00ed okaj pod\u0161it pruhem \u010derven\u00e9 l\u00e1tky, kraj zdob\u00ed \u010dern\u00e1 krpeinka.<\/p>\n","protected":false},"featured_media":771,"template":"","meta":[],"product_brand":[],"product_cat":[464],"product_tag":[],"class_list":{"0":"post-770","1":"product","2":"type-product","3":"status-publish","4":"has-post-thumbnail","6":"product_cat-serka","7":"pa_barevnost-osnovnich-niti-modra","8":"pa_barevnost-textilie-zelena","9":"pa_barevnost-utkovych-niti-cervena","10":"pa_barevnost-utkovych-niti-zelena","11":"pa_datace-ramcova-2-pol-19-stol","12":"pa_dostava-na-1-cm2-16-17","13":"pa_evidencni-c-1_06_171","14":"pa_instituce-mvt-muzeum-vysociny-trebic-p-o","15":"pa_konstrukce-osnovnich-niti-jednoducha-nit","16":"pa_konstrukce-utkovych-niti-jednoducha-nit","17":"pa_lokalita-dle-uziti-ceskomoravska-vysocina","18":"pa_lokalita-kraj-vysocina","19":"pa_lokalita-obec-chlum","20":"pa_lokalita-obec-trebic","21":"pa_nazev-textilie-serka","22":"pa_popsano-na-casti-odevu-jiny-viz-popis","23":"pa_tkanina-zjistena-na-vzorek-latky","24":"pa_typ-textilie-tkanina","25":"pa_typ-vazby-kepr-pravy-osnovni","26":"pa_vlakna-osnovnich-niti-bavlna","27":"pa_vlakna-utkovych-niti-vlna-ovci","28":"pa_vyrobce-textilie-neznamy","30":"entry","31":"has-media","33":"first","34":"instock","35":"shipping-taxable","36":"product-type-simple","37":"has-product-nav","38":"col","39":"span_1_of_5","40":"owp-content-center","41":"owp-thumbs-layout-vertical","42":"owp-btn-normal","43":"owp-tabs-layout-horizontal","44":"has-no-thumbnails"},"_links":{"self":[{"href":"https:\/\/nulk.cz\/atlastextilu\/wp-json\/wp\/v2\/product\/770","targetHints":{"allow":["GET"]}}],"collection":[{"href":"https:\/\/nulk.cz\/atlastextilu\/wp-json\/wp\/v2\/product"}],"about":[{"href":"https:\/\/nulk.cz\/atlastextilu\/wp-json\/wp\/v2\/types\/product"}],"wp:featuredmedia":[{"embeddable":true,"href":"https:\/\/nulk.cz\/atlastextilu\/wp-json\/wp\/v2\/media\/771"}],"wp:attachment":[{"href":"https:\/\/nulk.cz\/atlastextilu\/wp-json\/wp\/v2\/media?parent=770"}],"wp:term":[{"taxonomy":"product_brand","embeddable":true,"href":"https:\/\/nulk.cz\/atlastextilu\/wp-json\/wp\/v2\/product_brand?post=770"},{"taxonomy":"product_cat","embeddable":true,"href":"https:\/\/nulk.cz\/atlastextilu\/wp-json\/wp\/v2\/product_cat?post=770"},{"taxonomy":"product_tag","embeddable":true,"href":"https:\/\/nulk.cz\/atlastextilu\/wp-json\/wp\/v2\/product_tag?post=770"}],"curies":[{"name":"wp","href":"https:\/\/api.w.org\/{rel}","templated":true}]}}