{"id":793,"date":"2023-09-05T10:08:26","date_gmt":"2023-09-05T08:08:26","guid":{"rendered":"https:\/\/nulk.cz\/atlastextilu\/?post_type=product&#038;p=793"},"modified":"2023-09-05T10:08:27","modified_gmt":"2023-09-05T08:08:27","slug":"sukno-nulk-1312","status":"publish","type":"product","link":"https:\/\/nulk.cz\/atlastextilu\/vzorek\/sukno-nulk-1312\/","title":{"rendered":"sukno N\u00daLK 1312"},"content":{"rendered":"<p>Ob\u0159adn\u00ed kab\u00e1t z bled\u011b modr\u00e9ho sukna. Na klop\u011b vy\u0161it\u00fd rok zhotoven\u00ed &#8222;1904&#8220;.<\/p>\n","protected":false},"excerpt":{"rendered":"<p>Ob\u0159adn\u00ed kab\u00e1t z bled\u011b modr\u00e9ho sukna. Na klop\u011b vy\u0161it\u00fd rok zhotoven\u00ed &#8222;1904&#8220;.<\/p>\n","protected":false},"featured_media":796,"template":"","meta":[],"product_brand":[],"product_cat":[528],"product_tag":[],"class_list":{"0":"post-793","1":"product","2":"type-product","3":"status-publish","4":"has-post-thumbnail","6":"product_cat-sukno","7":"pa_barevnost-osnovnich-niti-modra","8":"pa_barevnost-textilie-modra","9":"pa_barevnost-utkovych-niti-modra","10":"pa_datace-ramcova-1-ctvrtina-20-stol","11":"pa_dostava-na-1-cm2-10-14","12":"pa_evidencni-c-552","13":"pa_instituce-uee-ustav-evropske-etnologie-ff-mu","14":"pa_konstrukce-osnovnich-niti-jednoducha-nit","15":"pa_konstrukce-utkovych-niti-jednoducha-nit","16":"pa_lokalita-dle-uziti-slovacko-hornacko","17":"pa_lokalita-kraj-jihomoravsky","18":"pa_lokalita-obec-hodonin","19":"pa_lokalita-obec-velka-nad-velickou","20":"pa_nazev-textilie-sukno","21":"pa_popsano-na-casti-odevu-horni-predni-odevni-dil","22":"pa_tkanina-zjistena-na-muzsky-kabat","23":"pa_typ-textilie-tkanina","24":"pa_typ-vazby-platnova","25":"pa_vlakna-osnovnich-niti-nezjisteno","26":"pa_vlakna-utkovych-niti-nezjisteno","27":"pa_vyrobce-textilie-neznamy","29":"entry","30":"has-media","32":"first","33":"instock","34":"shipping-taxable","35":"product-type-simple","36":"has-product-nav","37":"col","38":"span_1_of_5","39":"owp-content-center","40":"owp-thumbs-layout-vertical","41":"owp-btn-normal","42":"owp-tabs-layout-horizontal"},"_links":{"self":[{"href":"https:\/\/nulk.cz\/atlastextilu\/wp-json\/wp\/v2\/product\/793","targetHints":{"allow":["GET"]}}],"collection":[{"href":"https:\/\/nulk.cz\/atlastextilu\/wp-json\/wp\/v2\/product"}],"about":[{"href":"https:\/\/nulk.cz\/atlastextilu\/wp-json\/wp\/v2\/types\/product"}],"wp:featuredmedia":[{"embeddable":true,"href":"https:\/\/nulk.cz\/atlastextilu\/wp-json\/wp\/v2\/media\/796"}],"wp:attachment":[{"href":"https:\/\/nulk.cz\/atlastextilu\/wp-json\/wp\/v2\/media?parent=793"}],"wp:term":[{"taxonomy":"product_brand","embeddable":true,"href":"https:\/\/nulk.cz\/atlastextilu\/wp-json\/wp\/v2\/product_brand?post=793"},{"taxonomy":"product_cat","embeddable":true,"href":"https:\/\/nulk.cz\/atlastextilu\/wp-json\/wp\/v2\/product_cat?post=793"},{"taxonomy":"product_tag","embeddable":true,"href":"https:\/\/nulk.cz\/atlastextilu\/wp-json\/wp\/v2\/product_tag?post=793"}],"curies":[{"name":"wp","href":"https:\/\/api.w.org\/{rel}","templated":true}]}}