{"id":822,"date":"2023-09-05T12:55:31","date_gmt":"2023-09-05T10:55:31","guid":{"rendered":"https:\/\/nulk.cz\/atlastextilu\/?post_type=product&#038;p=822"},"modified":"2023-09-05T12:55:32","modified_gmt":"2023-09-05T10:55:32","slug":"sukno-mzm-6-587-2","status":"publish","type":"product","link":"https:\/\/nulk.cz\/atlastextilu\/vzorek\/sukno-mzm-6-587-2\/","title":{"rendered":"sukno MZM 6 587"},"content":{"rendered":"<p>Karta se vzorkem tkaniny &#8211; valchovan\u00e9 sukno hn\u011bd\u00e9<\/p>\n","protected":false},"excerpt":{"rendered":"<p>Karta se vzorkem tkaniny &#8211; valchovan\u00e9 sukno hn\u011bd\u00e9<\/p>\n","protected":false},"featured_media":823,"template":"","meta":[],"product_brand":[],"product_cat":[528],"product_tag":[],"class_list":{"0":"post-822","1":"product","2":"type-product","3":"status-publish","4":"has-post-thumbnail","6":"product_cat-sukno","7":"pa_barevnost-osnovnich-niti-prirodni-hneda","8":"pa_barevnost-textilie-prirodni-tmava-barevnost","9":"pa_barevnost-utkovych-niti-prirodni-hneda","10":"pa_datace-ramcova-2-pol-19-stol","11":"pa_dostava-na-1-cm2-55-55","12":"pa_evidencni-c-548","13":"pa_instituce-mzm-moravske-zemske-muzeum-etnograficky-ustav","14":"pa_konstrukce-osnovnich-niti-jednoducha-nit","15":"pa_konstrukce-utkovych-niti-jednoducha-nit","16":"pa_lokalita-dle-uziti-valassko","17":"pa_lokalita-kraj-zlinsky","18":"pa_lokalita-obec-hovezi","19":"pa_lokalita-obec-vsetin","20":"pa_nazev-textilie-sukno","21":"pa_popsano-na-casti-odevu-jiny-viz-popis","22":"pa_tkanina-zjistena-na-karta-se-vzorkem-tkaniny","23":"pa_typ-textilie-tkanina","24":"pa_typ-vazby-platnova","25":"pa_vlakna-osnovnich-niti-vlna-ovci","26":"pa_vlakna-utkovych-niti-vlna-ovci","27":"pa_vyrobce-textilie-neznamy","29":"entry","30":"has-media","32":"first","33":"instock","34":"shipping-taxable","35":"product-type-simple","36":"has-product-nav","37":"col","38":"span_1_of_5","39":"owp-content-center","40":"owp-thumbs-layout-vertical","41":"owp-btn-normal","42":"owp-tabs-layout-horizontal"},"_links":{"self":[{"href":"https:\/\/nulk.cz\/atlastextilu\/wp-json\/wp\/v2\/product\/822","targetHints":{"allow":["GET"]}}],"collection":[{"href":"https:\/\/nulk.cz\/atlastextilu\/wp-json\/wp\/v2\/product"}],"about":[{"href":"https:\/\/nulk.cz\/atlastextilu\/wp-json\/wp\/v2\/types\/product"}],"wp:featuredmedia":[{"embeddable":true,"href":"https:\/\/nulk.cz\/atlastextilu\/wp-json\/wp\/v2\/media\/823"}],"wp:attachment":[{"href":"https:\/\/nulk.cz\/atlastextilu\/wp-json\/wp\/v2\/media?parent=822"}],"wp:term":[{"taxonomy":"product_brand","embeddable":true,"href":"https:\/\/nulk.cz\/atlastextilu\/wp-json\/wp\/v2\/product_brand?post=822"},{"taxonomy":"product_cat","embeddable":true,"href":"https:\/\/nulk.cz\/atlastextilu\/wp-json\/wp\/v2\/product_cat?post=822"},{"taxonomy":"product_tag","embeddable":true,"href":"https:\/\/nulk.cz\/atlastextilu\/wp-json\/wp\/v2\/product_tag?post=822"}],"curies":[{"name":"wp","href":"https:\/\/api.w.org\/{rel}","templated":true}]}}