{"id":833,"date":"2023-09-05T13:05:20","date_gmt":"2023-09-05T11:05:20","guid":{"rendered":"https:\/\/nulk.cz\/atlastextilu\/?post_type=product&#038;p=833"},"modified":"2023-09-05T13:05:20","modified_gmt":"2023-09-05T11:05:20","slug":"taft-nulk-6690","status":"publish","type":"product","link":"https:\/\/nulk.cz\/atlastextilu\/vzorek\/taft-nulk-6690\/","title":{"rendered":"taft N\u00daLK 6690"},"content":{"rendered":"<p>Z\u00e1st\u011bra je u\u0161it\u00e1 z 1 pruhu l\u00e1tky (kr\u00e9mov\u00fd taft), nad spodn\u00edm okrajem jsou namalov\u00e1ny olejov\u00fdmi barvami r\u016f\u017ee a pomn\u011bnky.<\/p>\n","protected":false},"excerpt":{"rendered":"<p>Z\u00e1st\u011bra je u\u0161it\u00e1 z 1 pruhu l\u00e1tky (kr\u00e9mov\u00fd taft), nad spodn\u00edm okrajem jsou namalov\u00e1ny olejov\u00fdmi barvami r\u016f\u017ee a pomn\u011bnky.<\/p>\n","protected":false},"featured_media":834,"template":"","meta":[],"product_brand":[],"product_cat":[576],"product_tag":[],"class_list":{"0":"post-833","1":"product","2":"type-product","3":"status-publish","4":"has-post-thumbnail","6":"product_cat-taft","7":"pa_barevnost-osnovnich-niti-bila","8":"pa_barevnost-textilie-bila","9":"pa_barevnost-utkovych-niti-bila","10":"pa_datace-ramcova-1-pol-20-stol","11":"pa_dostava-na-1-cm2-0-0","12":"pa_evidencni-c-578","13":"pa_instituce-nulk-narodni-ustav-lidove-kultury-ve-straznici","14":"pa_konstrukce-osnovnich-niti-jednoducha-nit","15":"pa_konstrukce-utkovych-niti-jednoducha-nit","16":"pa_lokalita-dle-uziti-slovacko-podluzi","17":"pa_lokalita-kraj-jihomoravsky","18":"pa_lokalita-obec-hodonin","19":"pa_lokalita-obec-josefov","20":"pa_nazev-textilie-taft","21":"pa_popsano-na-casti-odevu-zastera","22":"pa_tkanina-zjistena-na-zastera-zenska","23":"pa_typ-textilie-tkanina","24":"pa_typ-vazby-nezadano","25":"pa_vlakna-osnovnich-niti-nezjisteno","26":"pa_vlakna-utkovych-niti-nezjisteno","27":"pa_vyrobce-textilie-neznamy","29":"entry","30":"has-media","32":"first","33":"instock","34":"shipping-taxable","35":"product-type-simple","36":"has-product-nav","37":"col","38":"span_1_of_5","39":"owp-content-center","40":"owp-thumbs-layout-vertical","41":"owp-btn-normal","42":"owp-tabs-layout-horizontal"},"_links":{"self":[{"href":"https:\/\/nulk.cz\/atlastextilu\/wp-json\/wp\/v2\/product\/833","targetHints":{"allow":["GET"]}}],"collection":[{"href":"https:\/\/nulk.cz\/atlastextilu\/wp-json\/wp\/v2\/product"}],"about":[{"href":"https:\/\/nulk.cz\/atlastextilu\/wp-json\/wp\/v2\/types\/product"}],"wp:featuredmedia":[{"embeddable":true,"href":"https:\/\/nulk.cz\/atlastextilu\/wp-json\/wp\/v2\/media\/834"}],"wp:attachment":[{"href":"https:\/\/nulk.cz\/atlastextilu\/wp-json\/wp\/v2\/media?parent=833"}],"wp:term":[{"taxonomy":"product_brand","embeddable":true,"href":"https:\/\/nulk.cz\/atlastextilu\/wp-json\/wp\/v2\/product_brand?post=833"},{"taxonomy":"product_cat","embeddable":true,"href":"https:\/\/nulk.cz\/atlastextilu\/wp-json\/wp\/v2\/product_cat?post=833"},{"taxonomy":"product_tag","embeddable":true,"href":"https:\/\/nulk.cz\/atlastextilu\/wp-json\/wp\/v2\/product_tag?post=833"}],"curies":[{"name":"wp","href":"https:\/\/api.w.org\/{rel}","templated":true}]}}