{"id":837,"date":"2023-09-05T13:08:37","date_gmt":"2023-09-05T11:08:37","guid":{"rendered":"https:\/\/nulk.cz\/atlastextilu\/?post_type=product&#038;p=837"},"modified":"2023-09-05T13:08:37","modified_gmt":"2023-09-05T11:08:37","slug":"taft-nulk-34017","status":"publish","type":"product","link":"https:\/\/nulk.cz\/atlastextilu\/vzorek\/taft-nulk-34017\/","title":{"rendered":"taft N\u00daLK 34017"},"content":{"rendered":"<p>Stuha k \u010depci m\u00e1 azurov\u011b modrou barvu, v \u00fatku je bro\u0161ovan\u00e1 b\u00edl\u00fdm hedv\u00e1b\u00edm.<\/p>\n","protected":false},"excerpt":{"rendered":"<p>Stuha k \u010depci m\u00e1 azurov\u011b modrou barvu, v \u00fatku je bro\u0161ovan\u00e1 b\u00edl\u00fdm hedv\u00e1b\u00edm.<\/p>\n","protected":false},"featured_media":840,"template":"","meta":[],"product_brand":[],"product_cat":[576],"product_tag":[],"class_list":{"0":"post-837","1":"product","2":"type-product","3":"status-publish","4":"has-post-thumbnail","6":"product_cat-taft","7":"pa_barevnost-osnovnich-niti-modra","8":"pa_barevnost-textilie-vicebarevna","9":"pa_barevnost-utkovych-niti-bila","10":"pa_barevnost-utkovych-niti-modra","11":"pa_datace-ramcova-1-pol-20-stol","12":"pa_dostava-na-1-cm2-0-0","13":"pa_evidencni-c-581","14":"pa_instituce-nulk-narodni-ustav-lidove-kultury-ve-straznici","15":"pa_konstrukce-osnovnich-niti-jednoducha-nit","16":"pa_konstrukce-utkovych-niti-jednoducha-nit","17":"pa_lokalita-dle-uziti-slovacko-dolnacko","18":"pa_lokalita-kraj-jihomoravsky","19":"pa_lokalita-obec-hodonin","20":"pa_lokalita-obec-sudomerice","21":"pa_nazev-textilie-taft","22":"pa_popsano-na-casti-odevu-stuha","23":"pa_tkanina-zjistena-na-stuha","24":"pa_typ-textilie-tkanina","25":"pa_typ-vazby-neznama","26":"pa_vlakna-osnovnich-niti-bavlna","27":"pa_vlakna-utkovych-niti-bavlna","28":"pa_vlakna-utkovych-niti-hedvabi","29":"pa_vyrobce-textilie-neznamy","31":"entry","32":"has-media","34":"first","35":"instock","36":"shipping-taxable","37":"product-type-simple","38":"has-product-nav","39":"col","40":"span_1_of_5","41":"owp-content-center","42":"owp-thumbs-layout-vertical","43":"owp-btn-normal","44":"owp-tabs-layout-horizontal"},"_links":{"self":[{"href":"https:\/\/nulk.cz\/atlastextilu\/wp-json\/wp\/v2\/product\/837","targetHints":{"allow":["GET"]}}],"collection":[{"href":"https:\/\/nulk.cz\/atlastextilu\/wp-json\/wp\/v2\/product"}],"about":[{"href":"https:\/\/nulk.cz\/atlastextilu\/wp-json\/wp\/v2\/types\/product"}],"wp:featuredmedia":[{"embeddable":true,"href":"https:\/\/nulk.cz\/atlastextilu\/wp-json\/wp\/v2\/media\/840"}],"wp:attachment":[{"href":"https:\/\/nulk.cz\/atlastextilu\/wp-json\/wp\/v2\/media?parent=837"}],"wp:term":[{"taxonomy":"product_brand","embeddable":true,"href":"https:\/\/nulk.cz\/atlastextilu\/wp-json\/wp\/v2\/product_brand?post=837"},{"taxonomy":"product_cat","embeddable":true,"href":"https:\/\/nulk.cz\/atlastextilu\/wp-json\/wp\/v2\/product_cat?post=837"},{"taxonomy":"product_tag","embeddable":true,"href":"https:\/\/nulk.cz\/atlastextilu\/wp-json\/wp\/v2\/product_tag?post=837"}],"curies":[{"name":"wp","href":"https:\/\/api.w.org\/{rel}","templated":true}]}}