{"id":851,"date":"2023-09-05T13:21:52","date_gmt":"2023-09-05T11:21:52","guid":{"rendered":"https:\/\/nulk.cz\/atlastextilu\/?post_type=product&#038;p=851"},"modified":"2023-09-05T13:21:52","modified_gmt":"2023-09-05T11:21:52","slug":"vaper-nulk-1093","status":"publish","type":"product","link":"https:\/\/nulk.cz\/atlastextilu\/vzorek\/vaper-nulk-1093\/","title":{"rendered":"vap\u00e9r N\u00daLK 1093"},"content":{"rendered":"<p>B\u00edl\u00fd pl\u00e1t\u011bn\u00fd \u0161\u00e1tek tzv. &#8222;vap\u00e9r\u00e1k&#8220;, po obvodu m\u00e1 nati\u0161t\u011bn\u00fd p\u00e1s \u010dern\u00fdch kv\u011bt\u016f, na plo\u0161e \u010dern\u00e9 holubi\u010dky.<\/p>\n","protected":false},"excerpt":{"rendered":"<p>B\u00edl\u00fd pl\u00e1t\u011bn\u00fd \u0161\u00e1tek tzv. &#8222;vap\u00e9r\u00e1k&#8220;, po obvodu m\u00e1 nati\u0161t\u011bn\u00fd p\u00e1s \u010dern\u00fdch kv\u011bt\u016f, na plo\u0161e \u010dern\u00e9 holubi\u010dky.<\/p>\n","protected":false},"featured_media":854,"template":"","meta":[],"product_brand":[],"product_cat":[588],"product_tag":[],"class_list":{"0":"post-851","1":"product","2":"type-product","3":"status-publish","4":"has-post-thumbnail","6":"product_cat-vaper","7":"pa_barevnost-osnovnich-niti-bila","8":"pa_barevnost-osnovnich-niti-cerna","9":"pa_barevnost-textilie-vicebarevna","10":"pa_barevnost-utkovych-niti-bila","11":"pa_barevnost-utkovych-niti-cerna","12":"pa_datace-ramcova-1-pol-20-stol","13":"pa_dostava-na-1-cm2-28-24","14":"pa_evidencni-c-590","15":"pa_instituce-nulk-narodni-ustav-lidove-kultury-ve-straznici","16":"pa_konstrukce-osnovnich-niti-jednoducha-nit","17":"pa_konstrukce-utkovych-niti-jednoducha-nit","18":"pa_lokalita-dle-uziti-slovacko-dolnacko","19":"pa_lokalita-kraj-jihomoravsky","20":"pa_lokalita-obec-hodonin","21":"pa_lokalita-obec-straznice","22":"pa_nazev-textilie-vaper","23":"pa_popsano-na-casti-odevu-pokryvka-hlavy","24":"pa_tkanina-zjistena-na-satek","25":"pa_typ-textilie-tkanina","26":"pa_typ-vazby-platnova","27":"pa_vlakna-osnovnich-niti-nezjisteno","28":"pa_vlakna-utkovych-niti-nezjisteno","29":"pa_vyrobce-textilie-neznamy","31":"entry","32":"has-media","34":"first","35":"instock","36":"shipping-taxable","37":"product-type-simple","38":"has-product-nav","39":"col","40":"span_1_of_5","41":"owp-content-center","42":"owp-thumbs-layout-vertical","43":"owp-btn-normal","44":"owp-tabs-layout-horizontal"},"_links":{"self":[{"href":"https:\/\/nulk.cz\/atlastextilu\/wp-json\/wp\/v2\/product\/851","targetHints":{"allow":["GET"]}}],"collection":[{"href":"https:\/\/nulk.cz\/atlastextilu\/wp-json\/wp\/v2\/product"}],"about":[{"href":"https:\/\/nulk.cz\/atlastextilu\/wp-json\/wp\/v2\/types\/product"}],"wp:featuredmedia":[{"embeddable":true,"href":"https:\/\/nulk.cz\/atlastextilu\/wp-json\/wp\/v2\/media\/854"}],"wp:attachment":[{"href":"https:\/\/nulk.cz\/atlastextilu\/wp-json\/wp\/v2\/media?parent=851"}],"wp:term":[{"taxonomy":"product_brand","embeddable":true,"href":"https:\/\/nulk.cz\/atlastextilu\/wp-json\/wp\/v2\/product_brand?post=851"},{"taxonomy":"product_cat","embeddable":true,"href":"https:\/\/nulk.cz\/atlastextilu\/wp-json\/wp\/v2\/product_cat?post=851"},{"taxonomy":"product_tag","embeddable":true,"href":"https:\/\/nulk.cz\/atlastextilu\/wp-json\/wp\/v2\/product_tag?post=851"}],"curies":[{"name":"wp","href":"https:\/\/api.w.org\/{rel}","templated":true}]}}