{"id":859,"date":"2023-09-05T14:05:02","date_gmt":"2023-09-05T12:05:02","guid":{"rendered":"https:\/\/nulk.cz\/atlastextilu\/?post_type=product&#038;p=859"},"modified":"2023-09-05T14:05:03","modified_gmt":"2023-09-05T12:05:03","slug":"vlnak-mvt-1_06_339","status":"publish","type":"product","link":"https:\/\/nulk.cz\/atlastextilu\/vzorek\/vlnak-mvt-1_06_339\/","title":{"rendered":"vl\u0148\u00e1k MVT 1_06_339"},"content":{"rendered":"<p>\u0160\u00e1tek zvan\u00fd vl\u0148\u00e1k zhotoven z vln\u011bn\u00fdch nit\u00ed. Dochov\u00e1no pouze torzo.<\/p>\n","protected":false},"excerpt":{"rendered":"<p>\u0160\u00e1tek zvan\u00fd vl\u0148\u00e1k zhotoven z vln\u011bn\u00fdch nit\u00ed. Dochov\u00e1no pouze torzo.<\/p>\n","protected":false},"featured_media":862,"template":"","meta":[],"product_brand":[],"product_cat":[595],"product_tag":[],"class_list":{"0":"post-859","1":"product","2":"type-product","3":"status-publish","4":"has-post-thumbnail","6":"product_cat-vlnak","7":"pa_barevnost-osnovnich-niti-bila","8":"pa_barevnost-osnovnich-niti-cerna","9":"pa_barevnost-textilie-vicebarevna","10":"pa_barevnost-utkovych-niti-bila","11":"pa_barevnost-utkovych-niti-cerna","12":"pa_barevnost-utkovych-niti-cervena","13":"pa_barevnost-utkovych-niti-fialova","14":"pa_barevnost-utkovych-niti-hneda","15":"pa_barevnost-utkovych-niti-melanz","16":"pa_barevnost-utkovych-niti-oranzova","17":"pa_barevnost-utkovych-niti-seda","18":"pa_datace-ramcova-2-pol-19-stol","19":"pa_dostava-na-1-cm2-17-17","20":"pa_evidencni-c-1_06_339","21":"pa_instituce-mvt-muzeum-vysociny-trebic-p-o","22":"pa_konstrukce-osnovnich-niti-jednoducha-nit","23":"pa_konstrukce-utkovych-niti-jednoducha-nit","24":"pa_lokalita-dle-uziti-ceskomoravska-vysocina","25":"pa_lokalita-kraj-vysocina","26":"pa_lokalita-obec-trebic","27":"pa_nazev-textilie-vlnak","28":"pa_popsano-na-casti-odevu-jiny-viz-popis","29":"pa_tkanina-zjistena-na-satek","30":"pa_typ-textilie-tkanina","31":"pa_typ-vazby-kepr-pravy-osnovni","32":"pa_vlakna-osnovnich-niti-vlna-ovci","33":"pa_vlakna-utkovych-niti-len","34":"pa_vlakna-utkovych-niti-vlna-ovci","35":"pa_vyrobce-textilie-neznamy","37":"entry","38":"has-media","40":"first","41":"instock","42":"shipping-taxable","43":"product-type-simple","44":"has-product-nav","45":"col","46":"span_1_of_5","47":"owp-content-center","48":"owp-thumbs-layout-vertical","49":"owp-btn-normal","50":"owp-tabs-layout-horizontal"},"_links":{"self":[{"href":"https:\/\/nulk.cz\/atlastextilu\/wp-json\/wp\/v2\/product\/859","targetHints":{"allow":["GET"]}}],"collection":[{"href":"https:\/\/nulk.cz\/atlastextilu\/wp-json\/wp\/v2\/product"}],"about":[{"href":"https:\/\/nulk.cz\/atlastextilu\/wp-json\/wp\/v2\/types\/product"}],"wp:featuredmedia":[{"embeddable":true,"href":"https:\/\/nulk.cz\/atlastextilu\/wp-json\/wp\/v2\/media\/862"}],"wp:attachment":[{"href":"https:\/\/nulk.cz\/atlastextilu\/wp-json\/wp\/v2\/media?parent=859"}],"wp:term":[{"taxonomy":"product_brand","embeddable":true,"href":"https:\/\/nulk.cz\/atlastextilu\/wp-json\/wp\/v2\/product_brand?post=859"},{"taxonomy":"product_cat","embeddable":true,"href":"https:\/\/nulk.cz\/atlastextilu\/wp-json\/wp\/v2\/product_cat?post=859"},{"taxonomy":"product_tag","embeddable":true,"href":"https:\/\/nulk.cz\/atlastextilu\/wp-json\/wp\/v2\/product_tag?post=859"}],"curies":[{"name":"wp","href":"https:\/\/api.w.org\/{rel}","templated":true}]}}