{"id":867,"date":"2023-09-05T14:13:11","date_gmt":"2023-09-05T12:13:11","guid":{"rendered":"https:\/\/nulk.cz\/atlastextilu\/?post_type=product&#038;p=867"},"modified":"2023-09-05T14:13:11","modified_gmt":"2023-09-05T12:13:11","slug":"vlnena-tkanina-uee-1_2","status":"publish","type":"product","link":"https:\/\/nulk.cz\/atlastextilu\/vzorek\/vlnena-tkanina-uee-1_2\/","title":{"rendered":"vln\u011bn\u00e1 tkanina \u00daEE 1_2"},"content":{"rendered":"<p>Karta se vzorkem tkaniny &#8211; vln\u011bn\u00e1 tkanina v keprov\u00e9 vazb\u011b. Sb\u011br v ter\u00e9nu PhDr. Vlasta Svobodov\u00e1.<\/p>\n","protected":false},"excerpt":{"rendered":"<p>Karta se vzorkem tkaniny &#8211; vln\u011bn\u00e1 tkanina v keprov\u00e9 vazb\u011b. Sb\u011br v ter\u00e9nu PhDr. Vlasta Svobodov\u00e1.<\/p>\n","protected":false},"featured_media":868,"template":"","meta":[],"product_brand":[],"product_cat":[603],"product_tag":[],"class_list":{"0":"post-867","1":"product","2":"type-product","3":"status-publish","4":"has-post-thumbnail","6":"product_cat-vlnena-tkanina","7":"pa_barevnost-osnovnich-niti-cerna","8":"pa_barevnost-textilie-cerna","9":"pa_barevnost-utkovych-niti-cerna","10":"pa_datace-ramcova-1-pol-20-stol","11":"pa_dostava-na-1-cm2-14-15","12":"pa_evidencni-c-1_2","13":"pa_instituce-uee-ustav-evropske-etnologie-ff-mu","14":"pa_konstrukce-osnovnich-niti-jednoducha-nit","15":"pa_konstrukce-utkovych-niti-jednoducha-nit","16":"pa_lokalita-dle-uziti-ceskomoravska-vysocina","17":"pa_lokalita-kraj-vysocina","18":"pa_lokalita-obec-jimramov","19":"pa_lokalita-obec-zdar-nad-sazavou","20":"pa_nazev-textilie-vlnena-tkanina","21":"pa_popsano-na-casti-odevu-karta-se-vzorkem-tkaniny","22":"pa_tkanina-zjistena-na-karta-se-vzorkem-tkaniny","23":"pa_typ-textilie-tkanina","24":"pa_typ-vazby-kepr","25":"pa_vlakna-osnovnich-niti-bavlna","26":"pa_vlakna-utkovych-niti-vlna-ovci","27":"pa_vyrobce-textilie-neznamy","29":"entry","30":"has-media","32":"first","33":"instock","34":"shipping-taxable","35":"product-type-simple","36":"has-product-nav","37":"col","38":"span_1_of_5","39":"owp-content-center","40":"owp-thumbs-layout-vertical","41":"owp-btn-normal","42":"owp-tabs-layout-horizontal","43":"has-no-thumbnails"},"_links":{"self":[{"href":"https:\/\/nulk.cz\/atlastextilu\/wp-json\/wp\/v2\/product\/867","targetHints":{"allow":["GET"]}}],"collection":[{"href":"https:\/\/nulk.cz\/atlastextilu\/wp-json\/wp\/v2\/product"}],"about":[{"href":"https:\/\/nulk.cz\/atlastextilu\/wp-json\/wp\/v2\/types\/product"}],"wp:featuredmedia":[{"embeddable":true,"href":"https:\/\/nulk.cz\/atlastextilu\/wp-json\/wp\/v2\/media\/868"}],"wp:attachment":[{"href":"https:\/\/nulk.cz\/atlastextilu\/wp-json\/wp\/v2\/media?parent=867"}],"wp:term":[{"taxonomy":"product_brand","embeddable":true,"href":"https:\/\/nulk.cz\/atlastextilu\/wp-json\/wp\/v2\/product_brand?post=867"},{"taxonomy":"product_cat","embeddable":true,"href":"https:\/\/nulk.cz\/atlastextilu\/wp-json\/wp\/v2\/product_cat?post=867"},{"taxonomy":"product_tag","embeddable":true,"href":"https:\/\/nulk.cz\/atlastextilu\/wp-json\/wp\/v2\/product_tag?post=867"}],"curies":[{"name":"wp","href":"https:\/\/api.w.org\/{rel}","templated":true}]}}