{"id":869,"date":"2023-09-05T14:19:19","date_gmt":"2023-09-05T12:19:19","guid":{"rendered":"https:\/\/nulk.cz\/atlastextilu\/?post_type=product&#038;p=869"},"modified":"2023-09-05T14:19:20","modified_gmt":"2023-09-05T12:19:20","slug":"vlnena-tkanina-uee-1_3","status":"publish","type":"product","link":"https:\/\/nulk.cz\/atlastextilu\/vzorek\/vlnena-tkanina-uee-1_3\/","title":{"rendered":"vln\u011bn\u00e1 tkanina \u00daEE 1_3"},"content":{"rendered":"<p>Karta se vzorkem tkaniny &#8211; vln\u011bn\u00e1 tkanina v keprov\u00e9 vazb\u011b. Sb\u011br v ter\u00e9nu PhDr. Vlasta Svobodov\u00e1.<\/p>\n","protected":false},"excerpt":{"rendered":"<p>Karta se vzorkem tkaniny &#8211; vln\u011bn\u00e1 tkanina v keprov\u00e9 vazb\u011b. Sb\u011br v ter\u00e9nu PhDr. Vlasta Svobodov\u00e1.<\/p>\n","protected":false},"featured_media":870,"template":"","meta":[],"product_brand":[],"product_cat":[603],"product_tag":[],"class_list":{"0":"post-869","1":"product","2":"type-product","3":"status-publish","4":"has-post-thumbnail","6":"product_cat-vlnena-tkanina","7":"pa_barevnost-osnovnich-niti-cerna","8":"pa_barevnost-textilie-cerna","9":"pa_barevnost-utkovych-niti-cerna","10":"pa_datace-ramcova-1-pol-20-stol","11":"pa_dostava-na-1-cm2-12-16","12":"pa_evidencni-c-1_3","13":"pa_instituce-nulk-narodni-ustav-lidove-kultury-ve-straznici","14":"pa_konstrukce-osnovnich-niti-jednoducha-nit","15":"pa_konstrukce-utkovych-niti-jednoducha-nit","16":"pa_lokalita-dle-uziti-ceskomoravska-vysocina","17":"pa_lokalita-kraj-vysocina","18":"pa_lokalita-obec-jimramov","19":"pa_lokalita-obec-zdar-nad-sazavou","20":"pa_nazev-textilie-vlnena-tkanina","21":"pa_popsano-na-casti-odevu-jiny-viz-popis","22":"pa_tkanina-zjistena-na-karta-se-vzorkem-tkaniny","23":"pa_typ-textilie-tkanina","24":"pa_typ-vazby-kepr","25":"pa_vlakna-osnovnich-niti-bavlna","26":"pa_vyrobce-textilie-neznamy","28":"entry","29":"has-media","31":"first","32":"instock","33":"shipping-taxable","34":"product-type-simple","35":"has-product-nav","36":"col","37":"span_1_of_5","38":"owp-content-center","39":"owp-thumbs-layout-vertical","40":"owp-btn-normal","41":"owp-tabs-layout-horizontal","42":"has-no-thumbnails"},"_links":{"self":[{"href":"https:\/\/nulk.cz\/atlastextilu\/wp-json\/wp\/v2\/product\/869","targetHints":{"allow":["GET"]}}],"collection":[{"href":"https:\/\/nulk.cz\/atlastextilu\/wp-json\/wp\/v2\/product"}],"about":[{"href":"https:\/\/nulk.cz\/atlastextilu\/wp-json\/wp\/v2\/types\/product"}],"wp:featuredmedia":[{"embeddable":true,"href":"https:\/\/nulk.cz\/atlastextilu\/wp-json\/wp\/v2\/media\/870"}],"wp:attachment":[{"href":"https:\/\/nulk.cz\/atlastextilu\/wp-json\/wp\/v2\/media?parent=869"}],"wp:term":[{"taxonomy":"product_brand","embeddable":true,"href":"https:\/\/nulk.cz\/atlastextilu\/wp-json\/wp\/v2\/product_brand?post=869"},{"taxonomy":"product_cat","embeddable":true,"href":"https:\/\/nulk.cz\/atlastextilu\/wp-json\/wp\/v2\/product_cat?post=869"},{"taxonomy":"product_tag","embeddable":true,"href":"https:\/\/nulk.cz\/atlastextilu\/wp-json\/wp\/v2\/product_tag?post=869"}],"curies":[{"name":"wp","href":"https:\/\/api.w.org\/{rel}","templated":true}]}}