{"id":873,"date":"2023-09-05T14:26:03","date_gmt":"2023-09-05T12:26:03","guid":{"rendered":"https:\/\/nulk.cz\/atlastextilu\/?post_type=product&#038;p=873"},"modified":"2023-09-05T14:26:03","modified_gmt":"2023-09-05T12:26:03","slug":"vlnena-tkanina-uee-1_8","status":"publish","type":"product","link":"https:\/\/nulk.cz\/atlastextilu\/vzorek\/vlnena-tkanina-uee-1_8\/","title":{"rendered":"vln\u011bn\u00e1 tkanina \u00daEE 1_8"},"content":{"rendered":"<p>Karta se vzorkem tkaniny &#8211; vln\u011bn\u00e1 tkanina v keprov\u00e9 vazb\u011b. Sb\u011br v ter\u00e9nu PhDr. Vlasta Svobodov\u00e1.<\/p>\n","protected":false},"excerpt":{"rendered":"<p>Karta se vzorkem tkaniny &#8211; vln\u011bn\u00e1 tkanina v keprov\u00e9 vazb\u011b. Sb\u011br v ter\u00e9nu PhDr. Vlasta Svobodov\u00e1.<\/p>\n","protected":false},"featured_media":874,"template":"","meta":[],"product_brand":[],"product_cat":[603],"product_tag":[],"class_list":{"0":"post-873","1":"product","2":"type-product","3":"status-publish","4":"has-post-thumbnail","6":"product_cat-vlnena-tkanina","7":"pa_barevnost-osnovnich-niti-cerna","8":"pa_barevnost-osnovnich-niti-hneda","9":"pa_barevnost-textilie-cerna","10":"pa_barevnost-utkovych-niti-cerna","11":"pa_datace-ramcova-1-pol-20-stol","12":"pa_dostava-na-1-cm2-10-16","13":"pa_evidencni-c-1_8","14":"pa_instituce-uee-ustav-evropske-etnologie-ff-mu","15":"pa_konstrukce-osnovnich-niti-jednoducha-nit","16":"pa_konstrukce-utkovych-niti-jednoducha-nit","17":"pa_lokalita-dle-uziti-ceskomoravska-vysocina","18":"pa_lokalita-kraj-vysocina","19":"pa_lokalita-obec-jimramov","20":"pa_lokalita-obec-zdar-nad-sazavou","21":"pa_nazev-textilie-vlnena-tkanina","22":"pa_popsano-na-casti-odevu-jiny-viz-popis","23":"pa_tkanina-zjistena-na-karta-se-vzorkem-tkaniny","24":"pa_typ-textilie-tkanina","25":"pa_typ-vazby-kepr","26":"pa_vlakna-osnovnich-niti-vlna-ovci","27":"pa_vlakna-utkovych-niti-vlna-ovci","28":"pa_vyrobce-textilie-neznamy","30":"entry","31":"has-media","33":"first","34":"instock","35":"shipping-taxable","36":"product-type-simple","37":"has-product-nav","38":"col","39":"span_1_of_5","40":"owp-content-center","41":"owp-thumbs-layout-vertical","42":"owp-btn-normal","43":"owp-tabs-layout-horizontal","44":"has-no-thumbnails"},"_links":{"self":[{"href":"https:\/\/nulk.cz\/atlastextilu\/wp-json\/wp\/v2\/product\/873","targetHints":{"allow":["GET"]}}],"collection":[{"href":"https:\/\/nulk.cz\/atlastextilu\/wp-json\/wp\/v2\/product"}],"about":[{"href":"https:\/\/nulk.cz\/atlastextilu\/wp-json\/wp\/v2\/types\/product"}],"wp:featuredmedia":[{"embeddable":true,"href":"https:\/\/nulk.cz\/atlastextilu\/wp-json\/wp\/v2\/media\/874"}],"wp:attachment":[{"href":"https:\/\/nulk.cz\/atlastextilu\/wp-json\/wp\/v2\/media?parent=873"}],"wp:term":[{"taxonomy":"product_brand","embeddable":true,"href":"https:\/\/nulk.cz\/atlastextilu\/wp-json\/wp\/v2\/product_brand?post=873"},{"taxonomy":"product_cat","embeddable":true,"href":"https:\/\/nulk.cz\/atlastextilu\/wp-json\/wp\/v2\/product_cat?post=873"},{"taxonomy":"product_tag","embeddable":true,"href":"https:\/\/nulk.cz\/atlastextilu\/wp-json\/wp\/v2\/product_tag?post=873"}],"curies":[{"name":"wp","href":"https:\/\/api.w.org\/{rel}","templated":true}]}}