{"id":878,"date":"2023-09-06T08:14:13","date_gmt":"2023-09-06T06:14:13","guid":{"rendered":"https:\/\/nulk.cz\/atlastextilu\/?post_type=product&#038;p=878"},"modified":"2023-09-06T08:14:13","modified_gmt":"2023-09-06T06:14:13","slug":"vlnena-tkanina-uee-2_4","status":"publish","type":"product","link":"https:\/\/nulk.cz\/atlastextilu\/vzorek\/vlnena-tkanina-uee-2_4\/","title":{"rendered":"vln\u011bn\u00e1 tkanina \u00daEE 2_4"},"content":{"rendered":"<p>Karta s uk\u00e1zkou polovln\u011bn\u00e9 textilie, m\u00edstn\u011b ozna\u010dovan\u00e9 term\u00ednem trajda. Zachov\u00e1n pevn\u00fd kraj. Sb\u011br PhDr. Vlasta Svobodov\u00e1.<\/p>\n","protected":false},"excerpt":{"rendered":"<p>Karta s uk\u00e1zkou polovln\u011bn\u00e9 textilie, m\u00edstn\u011b ozna\u010dovan\u00e9 term\u00ednem trajda. Zachov\u00e1n pevn\u00fd kraj. Sb\u011br PhDr. Vlasta Svobodov\u00e1.<\/p>\n","protected":false},"featured_media":879,"template":"","meta":[],"product_brand":[],"product_cat":[603],"product_tag":[],"class_list":{"0":"post-878","1":"product","2":"type-product","3":"status-publish","4":"has-post-thumbnail","6":"product_cat-vlnena-tkanina","7":"pa_barevnost-osnovnich-niti-bila","8":"pa_barevnost-osnovnich-niti-cervena","9":"pa_barevnost-osnovnich-niti-ruzova","10":"pa_barevnost-textilie-cerna","11":"pa_barevnost-utkovych-niti-cerna","12":"pa_barevnost-utkovych-niti-ruzova","13":"pa_datace-ramcova-1-pol-20-stol","14":"pa_dostava-na-1-cm2-14-16","15":"pa_evidencni-c-2_4","16":"pa_instituce-uee-ustav-evropske-etnologie-ff-mu","17":"pa_konstrukce-osnovnich-niti-jednoducha-nit","18":"pa_konstrukce-utkovych-niti-jednoducha-nit","19":"pa_lokalita-dle-uziti-brnensko","20":"pa_lokalita-kraj-jihomoravsky","21":"pa_lokalita-obec-blansko","22":"pa_lokalita-obec-lysice","23":"pa_nazev-textilie-vlnena-tkanina","24":"pa_popsano-na-casti-odevu-karta-se-vzorkem-tkaniny","25":"pa_tkanina-zjistena-na-karta-se-vzorkem-tkaniny","26":"pa_typ-textilie-tkanina","27":"pa_typ-vazby-platnova","28":"pa_vlakna-osnovnich-niti-bavlna","29":"pa_vlakna-utkovych-niti-bavlna","30":"pa_vlakna-utkovych-niti-vlna-ovci","31":"pa_vyrobce-textilie-neznamy","33":"entry","34":"has-media","36":"first","37":"instock","38":"shipping-taxable","39":"product-type-simple","40":"has-product-nav","41":"col","42":"span_1_of_5","43":"owp-content-center","44":"owp-thumbs-layout-vertical","45":"owp-btn-normal","46":"owp-tabs-layout-horizontal","47":"has-no-thumbnails"},"_links":{"self":[{"href":"https:\/\/nulk.cz\/atlastextilu\/wp-json\/wp\/v2\/product\/878","targetHints":{"allow":["GET"]}}],"collection":[{"href":"https:\/\/nulk.cz\/atlastextilu\/wp-json\/wp\/v2\/product"}],"about":[{"href":"https:\/\/nulk.cz\/atlastextilu\/wp-json\/wp\/v2\/types\/product"}],"wp:featuredmedia":[{"embeddable":true,"href":"https:\/\/nulk.cz\/atlastextilu\/wp-json\/wp\/v2\/media\/879"}],"wp:attachment":[{"href":"https:\/\/nulk.cz\/atlastextilu\/wp-json\/wp\/v2\/media?parent=878"}],"wp:term":[{"taxonomy":"product_brand","embeddable":true,"href":"https:\/\/nulk.cz\/atlastextilu\/wp-json\/wp\/v2\/product_brand?post=878"},{"taxonomy":"product_cat","embeddable":true,"href":"https:\/\/nulk.cz\/atlastextilu\/wp-json\/wp\/v2\/product_cat?post=878"},{"taxonomy":"product_tag","embeddable":true,"href":"https:\/\/nulk.cz\/atlastextilu\/wp-json\/wp\/v2\/product_tag?post=878"}],"curies":[{"name":"wp","href":"https:\/\/api.w.org\/{rel}","templated":true}]}}