{"id":880,"date":"2023-09-06T08:19:02","date_gmt":"2023-09-06T06:19:02","guid":{"rendered":"https:\/\/nulk.cz\/atlastextilu\/?post_type=product&#038;p=880"},"modified":"2023-09-06T08:19:02","modified_gmt":"2023-09-06T06:19:02","slug":"vlnena-tkanina-uee-1_7","status":"publish","type":"product","link":"https:\/\/nulk.cz\/atlastextilu\/vzorek\/vlnena-tkanina-uee-1_7\/","title":{"rendered":"vln\u011bn\u00e1 tkanina \u00daEE 1_7"},"content":{"rendered":"<p>Karta s uk\u00e1zkou textilie. Sb\u011br PhDr. Vlasta Svobodov\u00e1.<\/p>\n","protected":false},"excerpt":{"rendered":"<p>Karta s uk\u00e1zkou textilie. Sb\u011br PhDr. Vlasta Svobodov\u00e1.<\/p>\n","protected":false},"featured_media":881,"template":"","meta":[],"product_brand":[],"product_cat":[603],"product_tag":[],"class_list":{"0":"post-880","1":"product","2":"type-product","3":"status-publish","4":"has-post-thumbnail","6":"product_cat-vlnena-tkanina","7":"pa_barevnost-osnovnich-niti-fialova","8":"pa_barevnost-textilie-fialova","9":"pa_barevnost-utkovych-niti-fialova","10":"pa_datace-ramcova-1-pol-20-stol","11":"pa_dostava-na-1-cm2-10-12","12":"pa_evidencni-c-1_7","13":"pa_instituce-uee-ustav-evropske-etnologie-ff-mu","14":"pa_konstrukce-osnovnich-niti-jednoducha-nit","15":"pa_konstrukce-utkovych-niti-jednoducha-nit","16":"pa_lokalita-dle-uziti-jizni-cechy","17":"pa_lokalita-kraj-jihocesky","18":"pa_lokalita-obec-desna","19":"pa_lokalita-obec-jindrichuv-hradec","20":"pa_nazev-textilie-vlnena-tkanina","21":"pa_popsano-na-casti-odevu-jiny-viz-popis","22":"pa_tkanina-zjistena-na-karta-se-vzorkem-tkaniny","23":"pa_typ-textilie-tkanina","24":"pa_typ-vazby-kepr","25":"pa_vlakna-osnovnich-niti-vlna-ovci","26":"pa_vlakna-utkovych-niti-vlna-ovci","27":"pa_vyrobce-textilie-neznamy","29":"entry","30":"has-media","32":"first","33":"instock","34":"shipping-taxable","35":"product-type-simple","36":"has-product-nav","37":"col","38":"span_1_of_5","39":"owp-content-center","40":"owp-thumbs-layout-vertical","41":"owp-btn-normal","42":"owp-tabs-layout-horizontal","43":"has-no-thumbnails"},"_links":{"self":[{"href":"https:\/\/nulk.cz\/atlastextilu\/wp-json\/wp\/v2\/product\/880","targetHints":{"allow":["GET"]}}],"collection":[{"href":"https:\/\/nulk.cz\/atlastextilu\/wp-json\/wp\/v2\/product"}],"about":[{"href":"https:\/\/nulk.cz\/atlastextilu\/wp-json\/wp\/v2\/types\/product"}],"wp:featuredmedia":[{"embeddable":true,"href":"https:\/\/nulk.cz\/atlastextilu\/wp-json\/wp\/v2\/media\/881"}],"wp:attachment":[{"href":"https:\/\/nulk.cz\/atlastextilu\/wp-json\/wp\/v2\/media?parent=880"}],"wp:term":[{"taxonomy":"product_brand","embeddable":true,"href":"https:\/\/nulk.cz\/atlastextilu\/wp-json\/wp\/v2\/product_brand?post=880"},{"taxonomy":"product_cat","embeddable":true,"href":"https:\/\/nulk.cz\/atlastextilu\/wp-json\/wp\/v2\/product_cat?post=880"},{"taxonomy":"product_tag","embeddable":true,"href":"https:\/\/nulk.cz\/atlastextilu\/wp-json\/wp\/v2\/product_tag?post=880"}],"curies":[{"name":"wp","href":"https:\/\/api.w.org\/{rel}","templated":true}]}}