{"id":903,"date":"2023-09-06T08:48:42","date_gmt":"2023-09-06T06:48:42","guid":{"rendered":"https:\/\/nulk.cz\/atlastextilu\/?post_type=product&#038;p=903"},"modified":"2023-09-06T08:48:42","modified_gmt":"2023-09-06T06:48:42","slug":"vlnena-tkanina-mzm-14-205","status":"publish","type":"product","link":"https:\/\/nulk.cz\/atlastextilu\/vzorek\/vlnena-tkanina-mzm-14-205\/","title":{"rendered":"vln\u011bn\u00e1 tkanina MZM 14 205"},"content":{"rendered":"<p>Karta se vzorkem tkaniny &#8211; vln\u011bn\u00e1 tkanina &#8222;dekovka&#8220; v keprov\u00e9 vazb\u011b<\/p>\n","protected":false},"excerpt":{"rendered":"<p>Karta se vzorkem tkaniny &#8211; vln\u011bn\u00e1 tkanina &#8222;dekovka&#8220; v keprov\u00e9 vazb\u011b<\/p>\n","protected":false},"featured_media":904,"template":"","meta":[],"product_brand":[],"product_cat":[603],"product_tag":[],"class_list":{"0":"post-903","1":"product","2":"type-product","3":"status-publish","4":"has-post-thumbnail","6":"product_cat-vlnena-tkanina","7":"pa_barevnost-osnovnich-niti-hneda","8":"pa_barevnost-osnovnich-niti-prirodni-svetla","9":"pa_barevnost-textilie-vicebarevna","10":"pa_barevnost-utkovych-niti-hneda","11":"pa_barevnost-utkovych-niti-prirodni-svetla","12":"pa_datace-ramcova-1-pol-20-stol","13":"pa_dostava-na-1-cm2-11-10","14":"pa_evidencni-c-627","15":"pa_instituce-mzm-moravske-zemske-muzeum-etnograficky-ustav","16":"pa_konstrukce-osnovnich-niti-jednoducha-nit","17":"pa_konstrukce-utkovych-niti-jednoducha-nit","18":"pa_lokalita-dle-uziti-mala-hana","19":"pa_lokalita-kraj-jihomoravsky","20":"pa_lokalita-obec-blansko","21":"pa_lokalita-obec-lipovec","22":"pa_nazev-textilie-vlnena-tkanina","23":"pa_popsano-na-casti-odevu-jiny-viz-popis","24":"pa_tkanina-zjistena-na-karta-se-vzorkem-tkaniny","25":"pa_typ-textilie-tkanina","26":"pa_typ-vazby-kepr","27":"pa_vlakna-osnovnich-niti-vlna-ovci","28":"pa_vlakna-utkovych-niti-vlna-ovci","29":"pa_vyrobce-textilie-neznamy","31":"entry","32":"has-media","34":"first","35":"instock","36":"shipping-taxable","37":"product-type-simple","38":"has-product-nav","39":"col","40":"span_1_of_5","41":"owp-content-center","42":"owp-thumbs-layout-vertical","43":"owp-btn-normal","44":"owp-tabs-layout-horizontal"},"_links":{"self":[{"href":"https:\/\/nulk.cz\/atlastextilu\/wp-json\/wp\/v2\/product\/903","targetHints":{"allow":["GET"]}}],"collection":[{"href":"https:\/\/nulk.cz\/atlastextilu\/wp-json\/wp\/v2\/product"}],"about":[{"href":"https:\/\/nulk.cz\/atlastextilu\/wp-json\/wp\/v2\/types\/product"}],"wp:featuredmedia":[{"embeddable":true,"href":"https:\/\/nulk.cz\/atlastextilu\/wp-json\/wp\/v2\/media\/904"}],"wp:attachment":[{"href":"https:\/\/nulk.cz\/atlastextilu\/wp-json\/wp\/v2\/media?parent=903"}],"wp:term":[{"taxonomy":"product_brand","embeddable":true,"href":"https:\/\/nulk.cz\/atlastextilu\/wp-json\/wp\/v2\/product_brand?post=903"},{"taxonomy":"product_cat","embeddable":true,"href":"https:\/\/nulk.cz\/atlastextilu\/wp-json\/wp\/v2\/product_cat?post=903"},{"taxonomy":"product_tag","embeddable":true,"href":"https:\/\/nulk.cz\/atlastextilu\/wp-json\/wp\/v2\/product_tag?post=903"}],"curies":[{"name":"wp","href":"https:\/\/api.w.org\/{rel}","templated":true}]}}