{"id":906,"date":"2023-09-06T08:53:33","date_gmt":"2023-09-06T06:53:33","guid":{"rendered":"https:\/\/nulk.cz\/atlastextilu\/?post_type=product&#038;p=906"},"modified":"2023-09-06T08:53:33","modified_gmt":"2023-09-06T06:53:33","slug":"vlnena-tkanina-nulk-4836","status":"publish","type":"product","link":"https:\/\/nulk.cz\/atlastextilu\/vzorek\/vlnena-tkanina-nulk-4836\/","title":{"rendered":"vln\u011bn\u00e1 tkanina N\u00daLK 4836"},"content":{"rendered":"<p>Sukn\u011b &#8222;tibetka&#8220; je u\u0161it\u00e1 z p\u011bti pruh\u016f l\u00e1tky. Materi\u00e1l &#8211; b\u00edl\u00e1 vln\u011bn\u00e1 l\u00e1tka s fialov\u00fdmi r\u016f\u017ei\u010dkami a kv\u00edtky. Sukn\u011b je naho\u0159e v\u0161it\u00e1 do p\u00e1sku a na n\u011bm je p\u0159i\u0161it\u00e1 strojov\u011b tkan\u00e1 stuha. Na spodn\u00edm okraji je p\u0159i\u0161it\u00fd pruh b\u00edl\u00e9ho pl\u00e1tna, kter\u00fd asi 2 mm p\u0159esahuje na l\u00edcovou stranu sukn\u011b.<\/p>\n","protected":false},"excerpt":{"rendered":"<p>Sukn\u011b &#8222;tibetka&#8220; je u\u0161it\u00e1 z p\u011bti pruh\u016f l\u00e1tky. Materi\u00e1l &#8211; b\u00edl\u00e1 vln\u011bn\u00e1 l\u00e1tka s fialov\u00fdmi r\u016f\u017ei\u010dkami a kv\u00edtky. Sukn\u011b je naho\u0159e v\u0161it\u00e1 do p\u00e1sku a na n\u011bm je p\u0159i\u0161it\u00e1 strojov\u011b tkan\u00e1 stuha. Na spodn\u00edm okraji je p\u0159i\u0161it\u00fd pruh b\u00edl\u00e9ho pl\u00e1tna, kter\u00fd asi 2 mm p\u0159esahuje na l\u00edcovou stranu sukn\u011b.<\/p>\n","protected":false},"featured_media":907,"template":"","meta":[],"product_brand":[],"product_cat":[603],"product_tag":[],"class_list":{"0":"post-906","1":"product","2":"type-product","3":"status-publish","4":"has-post-thumbnail","6":"product_cat-vlnena-tkanina","7":"pa_barevnost-osnovnich-niti-fialova","8":"pa_barevnost-osnovnich-niti-prirodni-svetla","9":"pa_barevnost-osnovnich-niti-zelena","10":"pa_barevnost-textilie-vicebarevna","11":"pa_barevnost-utkovych-niti-fialova","12":"pa_barevnost-utkovych-niti-prirodni-svetla","13":"pa_barevnost-utkovych-niti-zelena","14":"pa_datace-ramcova-1-pol-20-stol","15":"pa_dostava-na-1-cm2-25-19","16":"pa_evidencni-c-628","17":"pa_instituce-nulk-narodni-ustav-lidove-kultury-ve-straznici","18":"pa_konstrukce-osnovnich-niti-jednoducha-nit","19":"pa_konstrukce-utkovych-niti-jednoducha-nit","20":"pa_lokalita-dle-uziti-slovacko-dolnacko","21":"pa_lokalita-kraj-jihomoravsky","22":"pa_lokalita-obec-hodonin","23":"pa_lokalita-obec-rohatec","24":"pa_nazev-textilie-vlnena-tkanina","25":"pa_popsano-na-casti-odevu-sukne","26":"pa_tkanina-zjistena-na-sukne-vrchni","27":"pa_typ-textilie-tkanina","28":"pa_typ-vazby-platnova","29":"pa_vlakna-osnovnich-niti-nezjisteno","30":"pa_vlakna-utkovych-niti-nezjisteno","31":"pa_vyrobce-textilie-neznamy","33":"entry","34":"has-media","36":"first","37":"instock","38":"shipping-taxable","39":"product-type-simple","40":"has-product-nav","41":"col","42":"span_1_of_5","43":"owp-content-center","44":"owp-thumbs-layout-vertical","45":"owp-btn-normal","46":"owp-tabs-layout-horizontal"},"_links":{"self":[{"href":"https:\/\/nulk.cz\/atlastextilu\/wp-json\/wp\/v2\/product\/906","targetHints":{"allow":["GET"]}}],"collection":[{"href":"https:\/\/nulk.cz\/atlastextilu\/wp-json\/wp\/v2\/product"}],"about":[{"href":"https:\/\/nulk.cz\/atlastextilu\/wp-json\/wp\/v2\/types\/product"}],"wp:featuredmedia":[{"embeddable":true,"href":"https:\/\/nulk.cz\/atlastextilu\/wp-json\/wp\/v2\/media\/907"}],"wp:attachment":[{"href":"https:\/\/nulk.cz\/atlastextilu\/wp-json\/wp\/v2\/media?parent=906"}],"wp:term":[{"taxonomy":"product_brand","embeddable":true,"href":"https:\/\/nulk.cz\/atlastextilu\/wp-json\/wp\/v2\/product_brand?post=906"},{"taxonomy":"product_cat","embeddable":true,"href":"https:\/\/nulk.cz\/atlastextilu\/wp-json\/wp\/v2\/product_cat?post=906"},{"taxonomy":"product_tag","embeddable":true,"href":"https:\/\/nulk.cz\/atlastextilu\/wp-json\/wp\/v2\/product_tag?post=906"}],"curies":[{"name":"wp","href":"https:\/\/api.w.org\/{rel}","templated":true}]}}