{"id":2583,"date":"2023-03-22T07:50:44","date_gmt":"2023-03-22T06:50:44","guid":{"rendered":"https:\/\/nulk.cz\/skanzen-prodeti\/?page_id=2583"},"modified":"2024-01-30T09:27:20","modified_gmt":"2024-01-30T08:27:20","slug":"nova-videa-k-pracovnim-listum","status":"publish","type":"page","link":"https:\/\/nulk.cz\/skanzen-prodeti\/nova-videa-k-pracovnim-listum\/","title":{"rendered":"Nov\u00e1 videa k pracovn\u00edm list\u016fm"},"content":{"rendered":"\t\t<div data-elementor-type=\"wp-page\" data-elementor-id=\"2583\" class=\"elementor elementor-2583\">\n\t\t\t\t\t\t<section class=\"elementor-section elementor-top-section elementor-element elementor-element-5631e668 elementor-section-stretched elementor-section-full_width elementor-hidden-phone uvod elementor-section-height-default elementor-section-height-default\" data-id=\"5631e668\" data-element_type=\"section\" id=\"uvod\" data-settings=\"{&quot;stretch_section&quot;:&quot;section-stretched&quot;,&quot;background_background&quot;:&quot;classic&quot;}\">\n\t\t\t\t\t\t<div class=\"elementor-container elementor-column-gap-default\">\n\t\t\t\t\t<div class=\"elementor-column elementor-col-33 elementor-top-column elementor-element elementor-element-3d56a64c\" data-id=\"3d56a64c\" data-element_type=\"column\">\n\t\t\t<div class=\"elementor-widget-wrap elementor-element-populated\">\n\t\t\t\t\t\t<div class=\"elementor-element elementor-element-4d67ab5e elementor-widget elementor-widget-image\" data-id=\"4d67ab5e\" data-element_type=\"widget\" data-widget_type=\"image.default\">\n\t\t\t\t<div class=\"elementor-widget-container\">\n\t\t\t\t\t\t\t\t\t\t\t\t\t\t\t\t<a href=\"https:\/\/nulk.cz\/skanzen-prodeti\">\n\t\t\t\t\t\t\t<img fetchpriority=\"high\" decoding=\"async\" width=\"742\" height=\"328\" src=\"https:\/\/nulk.cz\/skanzen-prodeti\/wp-content\/uploads\/2021\/03\/logo-N\u00daLK_kompl_prusvit.png\" class=\"attachment-full size-full wp-image-37\" alt=\"\" srcset=\"https:\/\/nulk.cz\/skanzen-prodeti\/wp-content\/uploads\/2021\/03\/logo-N\u00daLK_kompl_prusvit.png 742w, https:\/\/nulk.cz\/skanzen-prodeti\/wp-content\/uploads\/2021\/03\/logo-N\u00daLK_kompl_prusvit-300x133.png 300w\" sizes=\"(max-width: 742px) 100vw, 742px\" \/>\t\t\t\t\t\t\t\t<\/a>\n\t\t\t\t\t\t\t\t\t\t\t\t\t\t\t<\/div>\n\t\t\t\t<\/div>\n\t\t\t\t\t<\/div>\n\t\t<\/div>\n\t\t\t\t<div class=\"elementor-column elementor-col-33 elementor-top-column elementor-element elementor-element-541b8a8\" data-id=\"541b8a8\" data-element_type=\"column\">\n\t\t\t<div class=\"elementor-widget-wrap elementor-element-populated\">\n\t\t\t\t\t\t<div class=\"elementor-element elementor-element-575c70ef elementor-widget elementor-widget-heading\" data-id=\"575c70ef\" data-element_type=\"widget\" data-widget_type=\"heading.default\">\n\t\t\t\t<div class=\"elementor-widget-container\">\n\t\t\t\t\t<h3 class=\"elementor-heading-title elementor-size-default\">Nov\u00e1 videa k\u00a0pracovn\u00edm list\u016fm<\/h3>\t\t\t\t<\/div>\n\t\t\t\t<\/div>\n\t\t\t\t\t<\/div>\n\t\t<\/div>\n\t\t\t\t<div class=\"elementor-column elementor-col-33 elementor-top-column elementor-element elementor-element-18b3759\" data-id=\"18b3759\" data-element_type=\"column\">\n\t\t\t<div class=\"elementor-widget-wrap elementor-element-populated\">\n\t\t\t\t\t\t<div class=\"elementor-element elementor-element-9283f41 elementor-widget elementor-widget-image\" data-id=\"9283f41\" data-element_type=\"widget\" data-widget_type=\"image.default\">\n\t\t\t\t<div class=\"elementor-widget-container\">\n\t\t\t\t\t\t\t\t\t\t\t\t\t\t\t<img decoding=\"async\" width=\"2315\" height=\"1162\" src=\"https:\/\/nulk.cz\/skanzen-prodeti\/wp-content\/uploads\/2024\/01\/Skanzen-Straznice_RGB.png\" class=\"attachment-full size-full wp-image-2774\" alt=\"\" srcset=\"https:\/\/nulk.cz\/skanzen-prodeti\/wp-content\/uploads\/2024\/01\/Skanzen-Straznice_RGB.png 2315w, https:\/\/nulk.cz\/skanzen-prodeti\/wp-content\/uploads\/2024\/01\/Skanzen-Straznice_RGB-300x151.png 300w, https:\/\/nulk.cz\/skanzen-prodeti\/wp-content\/uploads\/2024\/01\/Skanzen-Straznice_RGB-1024x514.png 1024w, https:\/\/nulk.cz\/skanzen-prodeti\/wp-content\/uploads\/2024\/01\/Skanzen-Straznice_RGB-768x385.png 768w, https:\/\/nulk.cz\/skanzen-prodeti\/wp-content\/uploads\/2024\/01\/Skanzen-Straznice_RGB-1536x771.png 1536w, https:\/\/nulk.cz\/skanzen-prodeti\/wp-content\/uploads\/2024\/01\/Skanzen-Straznice_RGB-2048x1028.png 2048w\" sizes=\"(max-width: 2315px) 100vw, 2315px\" \/>\t\t\t\t\t\t\t\t\t\t\t\t\t\t\t<\/div>\n\t\t\t\t<\/div>\n\t\t\t\t\t<\/div>\n\t\t<\/div>\n\t\t\t\t\t<\/div>\n\t\t<\/section>\n\t\t\t\t<section class=\"elementor-section elementor-top-section elementor-element elementor-element-0a7b30e elementor-section-boxed elementor-section-height-default elementor-section-height-default\" data-id=\"0a7b30e\" data-element_type=\"section\">\n\t\t\t\t\t\t<div class=\"elementor-container elementor-column-gap-default\">\n\t\t\t\t\t<div class=\"elementor-column elementor-col-50 elementor-top-column elementor-element elementor-element-02f0ede\" data-id=\"02f0ede\" data-element_type=\"column\">\n\t\t\t<div class=\"elementor-widget-wrap elementor-element-populated\">\n\t\t\t\t\t\t<div class=\"elementor-element elementor-element-00dcfcd elementor-widget elementor-widget-heading\" data-id=\"00dcfcd\" data-element_type=\"widget\" data-widget_type=\"heading.default\">\n\t\t\t\t<div class=\"elementor-widget-container\">\n\t\t\t\t\t<h3 class=\"elementor-heading-title elementor-size-default\">Masopustn\u00ed obch\u016fzka na Slov\u00e1cku<\/h3>\t\t\t\t<\/div>\n\t\t\t\t<\/div>\n\t\t\t\t<div class=\"elementor-element elementor-element-7b13e15 elementor-widget elementor-widget-video\" data-id=\"7b13e15\" data-element_type=\"widget\" data-settings=\"{&quot;youtube_url&quot;:&quot;https:\\\/\\\/www.youtube.com\\\/watch?v=C8Kmc67EjuI&quot;,&quot;video_type&quot;:&quot;youtube&quot;,&quot;controls&quot;:&quot;yes&quot;}\" data-widget_type=\"video.default\">\n\t\t\t\t<div class=\"elementor-widget-container\">\n\t\t\t\t\t\t\t<div class=\"elementor-wrapper elementor-open-inline\">\n\t\t\t<div class=\"elementor-video\"><\/div>\t\t<\/div>\n\t\t\t\t\t\t<\/div>\n\t\t\t\t<\/div>\n\t\t\t\t\t<\/div>\n\t\t<\/div>\n\t\t\t\t<div class=\"elementor-column elementor-col-50 elementor-top-column elementor-element elementor-element-236fefd\" data-id=\"236fefd\" data-element_type=\"column\">\n\t\t\t<div class=\"elementor-widget-wrap elementor-element-populated\">\n\t\t\t\t\t\t<div class=\"elementor-element elementor-element-9487bdc elementor-widget elementor-widget-heading\" data-id=\"9487bdc\" data-element_type=\"widget\" data-widget_type=\"heading.default\">\n\t\t\t\t<div class=\"elementor-widget-container\">\n\t\t\t\t\t<h3 class=\"elementor-heading-title elementor-size-default\">Postn\u00ed obdob\u00ed<\/h3>\t\t\t\t<\/div>\n\t\t\t\t<\/div>\n\t\t\t\t<div class=\"elementor-element elementor-element-fb31084 elementor-widget elementor-widget-video\" data-id=\"fb31084\" data-element_type=\"widget\" data-settings=\"{&quot;youtube_url&quot;:&quot;https:\\\/\\\/www.youtube.com\\\/watch?v=akik-TyfYG0&quot;,&quot;video_type&quot;:&quot;youtube&quot;,&quot;controls&quot;:&quot;yes&quot;}\" data-widget_type=\"video.default\">\n\t\t\t\t<div class=\"elementor-widget-container\">\n\t\t\t\t\t\t\t<div class=\"elementor-wrapper elementor-open-inline\">\n\t\t\t<div class=\"elementor-video\"><\/div>\t\t<\/div>\n\t\t\t\t\t\t<\/div>\n\t\t\t\t<\/div>\n\t\t\t\t\t<\/div>\n\t\t<\/div>\n\t\t\t\t\t<\/div>\n\t\t<\/section>\n\t\t\t\t<section class=\"elementor-section elementor-top-section elementor-element elementor-element-73b545e elementor-section-boxed elementor-section-height-default elementor-section-height-default\" data-id=\"73b545e\" data-element_type=\"section\">\n\t\t\t\t\t\t<div class=\"elementor-container elementor-column-gap-default\">\n\t\t\t\t\t<div class=\"elementor-column elementor-col-100 elementor-top-column elementor-element elementor-element-2c4c71c\" data-id=\"2c4c71c\" data-element_type=\"column\">\n\t\t\t<div class=\"elementor-widget-wrap elementor-element-populated\">\n\t\t\t\t\t\t<div class=\"elementor-element elementor-element-12a6d44 elementor-widget elementor-widget-spacer\" data-id=\"12a6d44\" data-element_type=\"widget\" data-widget_type=\"spacer.default\">\n\t\t\t\t<div class=\"elementor-widget-container\">\n\t\t\t\t\t\t\t<div class=\"elementor-spacer\">\n\t\t\t<div class=\"elementor-spacer-inner\"><\/div>\n\t\t<\/div>\n\t\t\t\t\t\t<\/div>\n\t\t\t\t<\/div>\n\t\t\t\t\t<\/div>\n\t\t<\/div>\n\t\t\t\t\t<\/div>\n\t\t<\/section>\n\t\t\t\t<section class=\"elementor-section elementor-top-section elementor-element elementor-element-aae43b5 elementor-section-boxed elementor-section-height-default elementor-section-height-default\" data-id=\"aae43b5\" data-element_type=\"section\">\n\t\t\t\t\t\t<div class=\"elementor-container elementor-column-gap-default\">\n\t\t\t\t\t<div class=\"elementor-column elementor-col-50 elementor-top-column elementor-element elementor-element-fad4d83\" data-id=\"fad4d83\" data-element_type=\"column\">\n\t\t\t<div class=\"elementor-widget-wrap elementor-element-populated\">\n\t\t\t\t\t\t<div class=\"elementor-element elementor-element-9588cfc elementor-widget elementor-widget-heading\" data-id=\"9588cfc\" data-element_type=\"widget\" data-widget_type=\"heading.default\">\n\t\t\t\t<div class=\"elementor-widget-container\">\n\t\t\t\t\t<h3 class=\"elementor-heading-title elementor-size-default\">Obch\u016fzka s l\u00e9te\u010dkem <\/h3>\t\t\t\t<\/div>\n\t\t\t\t<\/div>\n\t\t\t\t<div class=\"elementor-element elementor-element-28748c4 elementor-widget elementor-widget-video\" data-id=\"28748c4\" data-element_type=\"widget\" data-settings=\"{&quot;youtube_url&quot;:&quot;https:\\\/\\\/www.youtube.com\\\/watch?v=hnarA1t4ahY&quot;,&quot;video_type&quot;:&quot;youtube&quot;,&quot;controls&quot;:&quot;yes&quot;}\" data-widget_type=\"video.default\">\n\t\t\t\t<div class=\"elementor-widget-container\">\n\t\t\t\t\t\t\t<div class=\"elementor-wrapper elementor-open-inline\">\n\t\t\t<div class=\"elementor-video\"><\/div>\t\t<\/div>\n\t\t\t\t\t\t<\/div>\n\t\t\t\t<\/div>\n\t\t\t\t\t<\/div>\n\t\t<\/div>\n\t\t\t\t<div class=\"elementor-column elementor-col-50 elementor-top-column elementor-element elementor-element-e09ae32\" data-id=\"e09ae32\" data-element_type=\"column\">\n\t\t\t<div class=\"elementor-widget-wrap elementor-element-populated\">\n\t\t\t\t\t\t<div class=\"elementor-element elementor-element-e96d31e elementor-widget elementor-widget-heading\" data-id=\"e96d31e\" data-element_type=\"widget\" data-widget_type=\"heading.default\">\n\t\t\t\t<div class=\"elementor-widget-container\">\n\t\t\t\t\t<h3 class=\"elementor-heading-title elementor-size-default\">V\u00fdroba batikovan\u00fdch zelov\u00fdch kraslic<\/h3>\t\t\t\t<\/div>\n\t\t\t\t<\/div>\n\t\t\t\t<div class=\"elementor-element elementor-element-004795f elementor-widget elementor-widget-video\" data-id=\"004795f\" data-element_type=\"widget\" data-settings=\"{&quot;youtube_url&quot;:&quot;https:\\\/\\\/www.youtube.com\\\/watch?v=fCSIDUzRuyk&quot;,&quot;video_type&quot;:&quot;youtube&quot;,&quot;controls&quot;:&quot;yes&quot;}\" data-widget_type=\"video.default\">\n\t\t\t\t<div class=\"elementor-widget-container\">\n\t\t\t\t\t\t\t<div class=\"elementor-wrapper elementor-open-inline\">\n\t\t\t<div class=\"elementor-video\"><\/div>\t\t<\/div>\n\t\t\t\t\t\t<\/div>\n\t\t\t\t<\/div>\n\t\t\t\t\t<\/div>\n\t\t<\/div>\n\t\t\t\t\t<\/div>\n\t\t<\/section>\n\t\t\t\t<section class=\"elementor-section elementor-top-section elementor-element elementor-element-6afccfd elementor-section-boxed elementor-section-height-default elementor-section-height-default\" data-id=\"6afccfd\" data-element_type=\"section\">\n\t\t\t\t\t\t<div class=\"elementor-container elementor-column-gap-default\">\n\t\t\t\t\t<div class=\"elementor-column elementor-col-100 elementor-top-column elementor-element elementor-element-7f19d0e\" data-id=\"7f19d0e\" data-element_type=\"column\">\n\t\t\t<div class=\"elementor-widget-wrap elementor-element-populated\">\n\t\t\t\t\t\t<div class=\"elementor-element elementor-element-676b2dc elementor-widget elementor-widget-spacer\" data-id=\"676b2dc\" data-element_type=\"widget\" data-widget_type=\"spacer.default\">\n\t\t\t\t<div class=\"elementor-widget-container\">\n\t\t\t\t\t\t\t<div class=\"elementor-spacer\">\n\t\t\t<div class=\"elementor-spacer-inner\"><\/div>\n\t\t<\/div>\n\t\t\t\t\t\t<\/div>\n\t\t\t\t<\/div>\n\t\t\t\t\t<\/div>\n\t\t<\/div>\n\t\t\t\t\t<\/div>\n\t\t<\/section>\n\t\t\t\t<section class=\"elementor-section elementor-top-section elementor-element elementor-element-90c7748 elementor-section-boxed elementor-section-height-default elementor-section-height-default\" data-id=\"90c7748\" data-element_type=\"section\">\n\t\t\t\t\t\t<div class=\"elementor-container elementor-column-gap-default\">\n\t\t\t\t\t<div class=\"elementor-column elementor-col-50 elementor-top-column elementor-element elementor-element-9864a49\" data-id=\"9864a49\" data-element_type=\"column\">\n\t\t\t<div class=\"elementor-widget-wrap elementor-element-populated\">\n\t\t\t\t\t\t<div class=\"elementor-element elementor-element-82662d9 elementor-widget elementor-widget-heading\" data-id=\"82662d9\" data-element_type=\"widget\" data-widget_type=\"heading.default\">\n\t\t\t\t<div class=\"elementor-widget-container\">\n\t\t\t\t\t<h3 class=\"elementor-heading-title elementor-size-default\">Velikono\u010dn\u00ed obdarov\u00e1v\u00e1n\u00ed - \u0161\u00e1tek<\/h3>\t\t\t\t<\/div>\n\t\t\t\t<\/div>\n\t\t\t\t<div class=\"elementor-element elementor-element-c65530c elementor-widget elementor-widget-video\" data-id=\"c65530c\" data-element_type=\"widget\" data-settings=\"{&quot;youtube_url&quot;:&quot;https:\\\/\\\/www.youtube.com\\\/watch?v=NF3ZOOIEmSs&quot;,&quot;video_type&quot;:&quot;youtube&quot;,&quot;controls&quot;:&quot;yes&quot;}\" data-widget_type=\"video.default\">\n\t\t\t\t<div class=\"elementor-widget-container\">\n\t\t\t\t\t\t\t<div class=\"elementor-wrapper elementor-open-inline\">\n\t\t\t<div class=\"elementor-video\"><\/div>\t\t<\/div>\n\t\t\t\t\t\t<\/div>\n\t\t\t\t<\/div>\n\t\t\t\t\t<\/div>\n\t\t<\/div>\n\t\t\t\t<div class=\"elementor-column elementor-col-50 elementor-top-column elementor-element elementor-element-72e8c39\" data-id=\"72e8c39\" data-element_type=\"column\">\n\t\t\t<div class=\"elementor-widget-wrap elementor-element-populated\">\n\t\t\t\t\t\t<div class=\"elementor-element elementor-element-9aec60e elementor-widget elementor-widget-heading\" data-id=\"9aec60e\" data-element_type=\"widget\" data-widget_type=\"heading.default\">\n\t\t\t\t<div class=\"elementor-widget-container\">\n\t\t\t\t\t<h3 class=\"elementor-heading-title elementor-size-default\">Velikono\u010dn\u00ed \u017eerty<\/h3>\t\t\t\t<\/div>\n\t\t\t\t<\/div>\n\t\t\t\t<div class=\"elementor-element elementor-element-4d24a79 elementor-widget elementor-widget-video\" data-id=\"4d24a79\" data-element_type=\"widget\" data-settings=\"{&quot;youtube_url&quot;:&quot;https:\\\/\\\/www.youtube.com\\\/watch?v=DHvdDrLNfzw&quot;,&quot;video_type&quot;:&quot;youtube&quot;,&quot;controls&quot;:&quot;yes&quot;}\" data-widget_type=\"video.default\">\n\t\t\t\t<div class=\"elementor-widget-container\">\n\t\t\t\t\t\t\t<div class=\"elementor-wrapper elementor-open-inline\">\n\t\t\t<div class=\"elementor-video\"><\/div>\t\t<\/div>\n\t\t\t\t\t\t<\/div>\n\t\t\t\t<\/div>\n\t\t\t\t\t<\/div>\n\t\t<\/div>\n\t\t\t\t\t<\/div>\n\t\t<\/section>\n\t\t\t\t<section class=\"elementor-section elementor-top-section elementor-element elementor-element-26d9dd9 elementor-section-boxed elementor-section-height-default elementor-section-height-default\" data-id=\"26d9dd9\" data-element_type=\"section\">\n\t\t\t\t\t\t<div class=\"elementor-container elementor-column-gap-default\">\n\t\t\t\t\t<div class=\"elementor-column elementor-col-100 elementor-top-column elementor-element elementor-element-546d87b\" data-id=\"546d87b\" data-element_type=\"column\">\n\t\t\t<div class=\"elementor-widget-wrap elementor-element-populated\">\n\t\t\t\t\t\t<div class=\"elementor-element elementor-element-80b52f4 elementor-widget elementor-widget-spacer\" data-id=\"80b52f4\" data-element_type=\"widget\" data-widget_type=\"spacer.default\">\n\t\t\t\t<div class=\"elementor-widget-container\">\n\t\t\t\t\t\t\t<div class=\"elementor-spacer\">\n\t\t\t<div class=\"elementor-spacer-inner\"><\/div>\n\t\t<\/div>\n\t\t\t\t\t\t<\/div>\n\t\t\t\t<\/div>\n\t\t\t\t\t<\/div>\n\t\t<\/div>\n\t\t\t\t\t<\/div>\n\t\t<\/section>\n\t\t\t\t<section class=\"elementor-section elementor-top-section elementor-element elementor-element-3305f9f elementor-section-boxed elementor-section-height-default elementor-section-height-default\" data-id=\"3305f9f\" data-element_type=\"section\">\n\t\t\t\t\t\t<div class=\"elementor-container elementor-column-gap-default\">\n\t\t\t\t\t<div class=\"elementor-column elementor-col-50 elementor-top-column elementor-element elementor-element-29f2d2b\" data-id=\"29f2d2b\" data-element_type=\"column\">\n\t\t\t<div class=\"elementor-widget-wrap elementor-element-populated\">\n\t\t\t\t\t\t<div class=\"elementor-element elementor-element-7f58e5a elementor-widget elementor-widget-heading\" data-id=\"7f58e5a\" data-element_type=\"widget\" data-widget_type=\"heading.default\">\n\t\t\t\t<div class=\"elementor-widget-container\">\n\t\t\t\t\t<h3 class=\"elementor-heading-title elementor-size-default\">Um\u00fdv\u00e1n\u00ed v potoce na Velk\u00fd p\u00e1tek<\/h3>\t\t\t\t<\/div>\n\t\t\t\t<\/div>\n\t\t\t\t<div class=\"elementor-element elementor-element-1ee6d6a elementor-widget elementor-widget-video\" data-id=\"1ee6d6a\" data-element_type=\"widget\" data-settings=\"{&quot;youtube_url&quot;:&quot;https:\\\/\\\/www.youtube.com\\\/watch?v=xsJUI8mwot0&quot;,&quot;video_type&quot;:&quot;youtube&quot;,&quot;controls&quot;:&quot;yes&quot;}\" data-widget_type=\"video.default\">\n\t\t\t\t<div class=\"elementor-widget-container\">\n\t\t\t\t\t\t\t<div class=\"elementor-wrapper elementor-open-inline\">\n\t\t\t<div class=\"elementor-video\"><\/div>\t\t<\/div>\n\t\t\t\t\t\t<\/div>\n\t\t\t\t<\/div>\n\t\t\t\t\t<\/div>\n\t\t<\/div>\n\t\t\t\t<div class=\"elementor-column elementor-col-50 elementor-top-column elementor-element elementor-element-d517816\" data-id=\"d517816\" data-element_type=\"column\">\n\t\t\t<div class=\"elementor-widget-wrap\">\n\t\t\t\t\t\t\t<\/div>\n\t\t<\/div>\n\t\t\t\t\t<\/div>\n\t\t<\/section>\n\t\t\t\t<section class=\"elementor-section elementor-top-section elementor-element elementor-element-7c0c8b5d elementor-section-stretched elementor-section-boxed elementor-section-height-default elementor-section-height-default\" data-id=\"7c0c8b5d\" data-element_type=\"section\" data-settings=\"{&quot;stretch_section&quot;:&quot;section-stretched&quot;,&quot;background_background&quot;:&quot;classic&quot;}\">\n\t\t\t\t\t\t<div class=\"elementor-container elementor-column-gap-default\">\n\t\t\t\t\t<div class=\"elementor-column elementor-col-33 elementor-top-column elementor-element elementor-element-5aab90a7\" data-id=\"5aab90a7\" data-element_type=\"column\">\n\t\t\t<div class=\"elementor-widget-wrap elementor-element-populated\">\n\t\t\t\t\t\t<div class=\"elementor-element elementor-element-74a07993 kontakty elementor-widget elementor-widget-text-editor\" data-id=\"74a07993\" data-element_type=\"widget\" id=\"kontakty\" data-widget_type=\"text-editor.default\">\n\t\t\t\t<div class=\"elementor-widget-container\">\n\t\t\t\t\t\t\t\t\t<p class=\"MsoNormal\">N\u00e1rodn\u00ed \u00fastav lidov\u00e9 kultury<\/p><p class=\"MsoNormal\">Z\u00e1mek 672<\/p><p class=\"MsoNormal\">696 62 Str\u00e1\u017enice<\/p><p class=\"MsoNormal\">Telefon: +420 518 306 611,<\/p><p class=\"MsoNormal\">Fax: + 420 518 306 615<\/p><p class=\"MsoNormal\">E-mail: info(zavin\u00e1\u010d)nulk.cz<\/p><p class=\"MsoNormal\">Web: www.nulk.cz<\/p>\t\t\t\t\t\t\t\t<\/div>\n\t\t\t\t<\/div>\n\t\t\t\t\t<\/div>\n\t\t<\/div>\n\t\t\t\t<div class=\"elementor-column elementor-col-33 elementor-top-column elementor-element elementor-element-d569033\" data-id=\"d569033\" data-element_type=\"column\">\n\t\t\t<div class=\"elementor-widget-wrap elementor-element-populated\">\n\t\t\t\t\t\t<div class=\"elementor-element elementor-element-7c7f1b4f elementor-shape-rounded elementor-grid-0 e-grid-align-center elementor-widget elementor-widget-social-icons\" data-id=\"7c7f1b4f\" data-element_type=\"widget\" data-widget_type=\"social-icons.default\">\n\t\t\t\t<div class=\"elementor-widget-container\">\n\t\t\t\t\t\t\t<div class=\"elementor-social-icons-wrapper elementor-grid\">\n\t\t\t\t\t\t\t<span class=\"elementor-grid-item\">\n\t\t\t\t\t<a class=\"elementor-icon elementor-social-icon elementor-social-icon-facebook elementor-repeater-item-3635b77\" href=\"https:\/\/www.facebook.com\/skanzen.Straznice\" target=\"_blank\">\n\t\t\t\t\t\t<span class=\"elementor-screen-only\">Facebook<\/span>\n\t\t\t\t\t\t<i class=\"fab fa-facebook\"><\/i>\t\t\t\t\t<\/a>\n\t\t\t\t<\/span>\n\t\t\t\t\t\t\t<span class=\"elementor-grid-item\">\n\t\t\t\t\t<a class=\"elementor-icon elementor-social-icon elementor-social-icon-instagram elementor-repeater-item-23489b9\" href=\"https:\/\/www.instagram.com\/festivalstraznice\/\" target=\"_blank\">\n\t\t\t\t\t\t<span class=\"elementor-screen-only\">Instagram<\/span>\n\t\t\t\t\t\t<i class=\"fab fa-instagram\"><\/i>\t\t\t\t\t<\/a>\n\t\t\t\t<\/span>\n\t\t\t\t\t\t\t<span class=\"elementor-grid-item\">\n\t\t\t\t\t<a class=\"elementor-icon elementor-social-icon elementor-social-icon-youtube elementor-repeater-item-a15cc5c\" href=\"https:\/\/www.youtube.com\/results?search_query=n%C3%A1rodn%C3%AD+%C3%BAstav+lidov%C3%A9+kultury\" target=\"_blank\">\n\t\t\t\t\t\t<span class=\"elementor-screen-only\">Youtube<\/span>\n\t\t\t\t\t\t<i class=\"fab fa-youtube\"><\/i>\t\t\t\t\t<\/a>\n\t\t\t\t<\/span>\n\t\t\t\t\t<\/div>\n\t\t\t\t\t\t<\/div>\n\t\t\t\t<\/div>\n\t\t\t\t\t<\/div>\n\t\t<\/div>\n\t\t\t\t<div class=\"elementor-column elementor-col-33 elementor-top-column elementor-element elementor-element-3a51a7ae\" data-id=\"3a51a7ae\" data-element_type=\"column\">\n\t\t\t<div class=\"elementor-widget-wrap elementor-element-populated\">\n\t\t\t\t\t\t<div class=\"elementor-element elementor-element-4f116bc3 elementor-widget elementor-widget-text-editor\" data-id=\"4f116bc3\" data-element_type=\"widget\" data-widget_type=\"text-editor.default\">\n\t\t\t\t<div class=\"elementor-widget-container\">\n\t\t\t\t\t\t\t\t\t<p style=\"text-align: right;\"><a href=\"https:\/\/nulk.cz\/web_skanzen\/\" target=\"_blank\" rel=\"noopener\">SkanzenStraznice.cz<\/a><\/p><p style=\"text-align: right;\"><a href=\"https:\/\/festivalstraznice.cz\/\" target=\"_blank\" rel=\"noopener\">FestivalStraznice.cz<\/a><\/p><p style=\"text-align: right;\"><a href=\"https:\/\/www.lidovakultura.cz\/\" target=\"_blank\" rel=\"noopener\">LidovaKultura.cz<\/a><\/p><p style=\"text-align: right;\"><a href=\"https:\/\/www.lidovaremesla.cz\/\" target=\"_blank\" rel=\"noopener\">LidovaRemesla.cz<\/a><\/p><p style=\"text-align: right;\"><a href=\"https:\/\/www.nulk.cz\/tadyjsmedoma\/\" target=\"_blank\" rel=\"noopener\">TadyJsmeDoma.cz<\/a><\/p><p style=\"text-align: right;\"><a href=\"http:\/\/revue.nulk.cz\/\" target=\"_blank\" rel=\"noopener\">Revue.NULK.cz<\/a><\/p><p style=\"text-align: right;\"><a href=\"http:\/\/www.panstvistraznice.cz\/\" target=\"_blank\" rel=\"noopener\">PanstviStraznice.cz<\/a><\/p>\t\t\t\t\t\t\t\t<\/div>\n\t\t\t\t<\/div>\n\t\t\t\t\t<\/div>\n\t\t<\/div>\n\t\t\t\t\t<\/div>\n\t\t<\/section>\n\t\t\t\t<\/div>\n\t\t","protected":false},"excerpt":{"rendered":"<p>Nov\u00e1 videa k\u00a0pracovn\u00edm list\u016fm Masopustn\u00ed obch\u016fzka na Slov\u00e1cku Postn\u00ed obdob\u00ed Obch\u016fzka s l\u00e9te\u010dkem V\u00fdroba batikovan\u00fdch zelov\u00fdch kraslic Velikono\u010dn\u00ed obdarov\u00e1v\u00e1n\u00ed &#8211; \u0161\u00e1tek Velikono\u010dn\u00ed \u017eerty Um\u00fdv\u00e1n\u00ed v potoce na Velk\u00fd p\u00e1tek https:\/\/www.youtube.com\/watch?v=xsJUI8mwot0 N\u00e1rodn\u00ed \u00fastav lidov\u00e9 kultury Z\u00e1mek 672 696 62 Str\u00e1\u017enice Telefon: +420 518 306 611, Fax: + 420 518 306 615 E-mail: info(zavin\u00e1\u010d)nulk.cz Web: www.nulk.cz Facebook [&hellip;]<\/p>\n","protected":false},"author":4,"featured_media":0,"parent":0,"menu_order":0,"comment_status":"closed","ping_status":"closed","template":"elementor_canvas","meta":{"_acf_changed":false,"footnotes":""},"acf":[],"_links":{"self":[{"href":"https:\/\/nulk.cz\/skanzen-prodeti\/wp-json\/wp\/v2\/pages\/2583"}],"collection":[{"href":"https:\/\/nulk.cz\/skanzen-prodeti\/wp-json\/wp\/v2\/pages"}],"about":[{"href":"https:\/\/nulk.cz\/skanzen-prodeti\/wp-json\/wp\/v2\/types\/page"}],"author":[{"embeddable":true,"href":"https:\/\/nulk.cz\/skanzen-prodeti\/wp-json\/wp\/v2\/users\/4"}],"replies":[{"embeddable":true,"href":"https:\/\/nulk.cz\/skanzen-prodeti\/wp-json\/wp\/v2\/comments?post=2583"}],"version-history":[{"count":16,"href":"https:\/\/nulk.cz\/skanzen-prodeti\/wp-json\/wp\/v2\/pages\/2583\/revisions"}],"predecessor-version":[{"id":2777,"href":"https:\/\/nulk.cz\/skanzen-prodeti\/wp-json\/wp\/v2\/pages\/2583\/revisions\/2777"}],"wp:attachment":[{"href":"https:\/\/nulk.cz\/skanzen-prodeti\/wp-json\/wp\/v2\/media?parent=2583"}],"curies":[{"name":"wp","href":"https:\/\/api.w.org\/{rel}","templated":true}]}}